{"id":56,"date":"2023-09-08T22:27:59","date_gmt":"2023-09-08T22:27:59","guid":{"rendered":"https:\/\/artdoral.com\/es\/?page_id=56"},"modified":"2025-04-28T19:03:32","modified_gmt":"2025-04-28T19:03:32","slug":"curadores","status":"publish","type":"page","link":"https:\/\/artdoral.com\/es\/curadores\/","title":{"rendered":"Curadores"},"content":{"rendered":"\t\t<div data-elementor-type=\"wp-page\" data-elementor-id=\"56\" class=\"elementor elementor-56\" data-elementor-post-type=\"page\">\n\t\t\t\t\t\t<section class=\"elementor-section elementor-top-section elementor-element elementor-element-1891326 elementor-section-boxed elementor-section-height-default elementor-section-height-default\" data-id=\"1891326\" data-element_type=\"section\" data-e-type=\"section\" data-settings=\"{&quot;background_background&quot;:&quot;classic&quot;}\">\n\t\t\t\t\t\t\t<div class=\"elementor-background-overlay\"><\/div>\n\t\t\t\t\t\t\t<div class=\"elementor-container elementor-column-gap-default\">\n\t\t\t\t\t<div class=\"elementor-column elementor-col-100 elementor-top-column elementor-element elementor-element-15b6e23\" data-id=\"15b6e23\" data-element_type=\"column\" data-e-type=\"column\">\n\t\t\t<div class=\"elementor-widget-wrap elementor-element-populated\">\n\t\t\t\t\t\t<div class=\"elementor-element elementor-element-a050955 elementor-widget elementor-widget-heading\" data-id=\"a050955\" data-element_type=\"widget\" data-e-type=\"widget\" data-widget_type=\"heading.default\">\n\t\t\t\t<div class=\"elementor-widget-container\">\n\t\t\t\t\t<h2 class=\"elementor-heading-title elementor-size-default\">Comit\u00e9 Curatorial<\/h2>\t\t\t\t<\/div>\n\t\t\t\t<\/div>\n\t\t\t\t\t<\/div>\n\t\t<\/div>\n\t\t\t\t\t<\/div>\n\t\t<\/section>\n\t\t\t\t<section class=\"elementor-section elementor-top-section elementor-element elementor-element-93c44b5 elementor-section-boxed elementor-section-height-default elementor-section-height-default\" data-id=\"93c44b5\" data-element_type=\"section\" data-e-type=\"section\">\n\t\t\t\t\t\t<div class=\"elementor-container elementor-column-gap-default\">\n\t\t\t\t\t<div class=\"elementor-column elementor-col-100 elementor-top-column elementor-element elementor-element-47c9f89\" data-id=\"47c9f89\" data-element_type=\"column\" data-e-type=\"column\">\n\t\t\t<div class=\"elementor-widget-wrap elementor-element-populated\">\n\t\t\t\t\t\t<div class=\"elementor-element elementor-element-b656a4c elementor-position-left elementor-vertical-align-top elementor-widget elementor-widget-image-box\" data-id=\"b656a4c\" data-element_type=\"widget\" data-e-type=\"widget\" data-widget_type=\"image-box.default\">\n\t\t\t\t<div class=\"elementor-widget-container\">\n\t\t\t\t\t<div class=\"elementor-image-box-wrapper\"><figure class=\"elementor-image-box-img\"><img fetchpriority=\"high\" decoding=\"async\" width=\"800\" height=\"800\" src=\"https:\/\/artdoral.com\/es\/wp-content\/uploads\/sites\/2\/2023\/09\/Doral-Art-Fair-BP-8-Felix-Suazo.webp\" class=\"attachment-full size-full wp-image-20\" alt=\"\" srcset=\"https:\/\/artdoral.com\/es\/wp-content\/uploads\/sites\/2\/2023\/09\/Doral-Art-Fair-BP-8-Felix-Suazo.webp 800w, https:\/\/artdoral.com\/es\/wp-content\/uploads\/sites\/2\/2023\/09\/Doral-Art-Fair-BP-8-Felix-Suazo-300x300.webp 300w, https:\/\/artdoral.com\/es\/wp-content\/uploads\/sites\/2\/2023\/09\/Doral-Art-Fair-BP-8-Felix-Suazo-150x150.webp 150w, https:\/\/artdoral.com\/es\/wp-content\/uploads\/sites\/2\/2023\/09\/Doral-Art-Fair-BP-8-Felix-Suazo-768x768.webp 768w, https:\/\/artdoral.com\/es\/wp-content\/uploads\/sites\/2\/2023\/09\/Doral-Art-Fair-BP-8-Felix-Suazo-600x600.webp 600w, https:\/\/artdoral.com\/es\/wp-content\/uploads\/sites\/2\/2023\/09\/Doral-Art-Fair-BP-8-Felix-Suazo-100x100.webp 100w\" sizes=\"(max-width: 800px) 100vw, 800px\" \/><\/figure><div class=\"elementor-image-box-content\"><h3 class=\"elementor-image-box-title\">F\u00e9lix Suazo<\/h3><p class=\"elementor-image-box-description\">Curador, cr\u00edtico de arte y profesor.\nEn 2018 conceptualiz\u00f3 e implement\u00f3 el programa educativo para la XIV Bienal de Cuenca en Ecuador. En 2021 y 2022 estuvo a cargo de los Proyectos Especiales de la Pinta Miami Art Fair.\n<br><br>\nSus textos sobre el arte contempor\u00e1neo en Am\u00e9rica Latina se publican regularmente en varias revistas especializadas del continente. Es coeditor del bolet\u00edn About Images, editado por Art Media Gallery, Miami, y curador del espacio de arte IDArtLab, Miami.\n<br><br>\nEs autor de los libros \u201cA Diestra y Siniestra. Comentarios sobre Arte y Pol\u00edtica\u201d; (2005), \u201cUmbrales de la Museolog\u00eda\u201d (2013) y \u201cPanor\u00e1mica. Arte Emergente en Venezuela. 2000-2012\u201d (2014).<\/p><\/div><\/div>\t\t\t\t<\/div>\n\t\t\t\t<\/div>\n\t\t\t\t<div class=\"elementor-element elementor-element-909498c elementor-position-right elementor-vertical-align-top elementor-widget elementor-widget-image-box\" data-id=\"909498c\" data-element_type=\"widget\" data-e-type=\"widget\" data-widget_type=\"image-box.default\">\n\t\t\t\t<div class=\"elementor-widget-container\">\n\t\t\t\t\t<div class=\"elementor-image-box-wrapper\"><figure class=\"elementor-image-box-img\"><img decoding=\"async\" width=\"1611\" height=\"1611\" src=\"https:\/\/artdoral.com\/es\/wp-content\/uploads\/sites\/2\/2023\/09\/Doral-Art-Fair-BP-9-Adriana-Meneses.webp\" class=\"attachment-full size-full wp-image-19\" alt=\"\" srcset=\"https:\/\/artdoral.com\/es\/wp-content\/uploads\/sites\/2\/2023\/09\/Doral-Art-Fair-BP-9-Adriana-Meneses.webp 1611w, https:\/\/artdoral.com\/es\/wp-content\/uploads\/sites\/2\/2023\/09\/Doral-Art-Fair-BP-9-Adriana-Meneses-300x300.webp 300w, https:\/\/artdoral.com\/es\/wp-content\/uploads\/sites\/2\/2023\/09\/Doral-Art-Fair-BP-9-Adriana-Meneses-1024x1024.webp 1024w, https:\/\/artdoral.com\/es\/wp-content\/uploads\/sites\/2\/2023\/09\/Doral-Art-Fair-BP-9-Adriana-Meneses-150x150.webp 150w, https:\/\/artdoral.com\/es\/wp-content\/uploads\/sites\/2\/2023\/09\/Doral-Art-Fair-BP-9-Adriana-Meneses-768x768.webp 768w, https:\/\/artdoral.com\/es\/wp-content\/uploads\/sites\/2\/2023\/09\/Doral-Art-Fair-BP-9-Adriana-Meneses-1536x1536.webp 1536w, https:\/\/artdoral.com\/es\/wp-content\/uploads\/sites\/2\/2023\/09\/Doral-Art-Fair-BP-9-Adriana-Meneses-600x600.webp 600w, https:\/\/artdoral.com\/es\/wp-content\/uploads\/sites\/2\/2023\/09\/Doral-Art-Fair-BP-9-Adriana-Meneses-100x100.webp 100w\" sizes=\"(max-width: 1611px) 100vw, 1611px\" \/><\/figure><div class=\"elementor-image-box-content\"><h3 class=\"elementor-image-box-title\">Adriana Meneses Imber<\/h3><p class=\"elementor-image-box-description\">Gestora cultural y curadora de artes visuales con una ilustre carrera de m\u00e1s de 40 a\u00f1os creando, desarrollando y organizando diversos eventos culturales y apoyando emprendimientos art\u00edsticos.\n<br><br>\nEs Licenciada en Comunicaci\u00f3n y tiene un posgrado en Administraci\u00f3n de las Artes de la Universidad de Drexel, (Filadelfia, Estados Unidos).\n<br><br>\nSe convirti\u00f3 en directora-fundadora del Museo Jacobo Borges en 1995, donde desarroll\u00f3 una serie de exposiciones y actividades que vinculaban el arte y los problemas sociales.\n<br><br>\nDe 2006 a 2007 dirigi\u00f3 el Museo Carlos Cruz Diez y luego se convirti\u00f3 en coordinadora de Proyectos Especiales de IARTES, Caracas. En agosto de 2015, Adriana se mud\u00f3 a los Estados Unidos, donde ha estado organizando exposiciones como parte del equipo de Bienes Institucionales y Monumentos de I AM MONUMENTS.\n<br><br>\nAlgunas de sus exposiciones son: For Now: Contemporary Venezuelan Art of the Miami Diaspora (2019) y Visados para la Libertad (2020), Coral Gables Museum; Botero a todo volumen (2022), Museo de Arte Contempor\u00e1neo de Doral; y Sinergias, Arte Geom\u00e9trico, MIFA (2022).<\/p><\/div><\/div>\t\t\t\t<\/div>\n\t\t\t\t<\/div>\n\t\t\t\t<div class=\"elementor-element elementor-element-acc4221 elementor-position-left elementor-vertical-align-top elementor-widget elementor-widget-image-box\" data-id=\"acc4221\" data-element_type=\"widget\" data-e-type=\"widget\" data-widget_type=\"image-box.default\">\n\t\t\t\t<div class=\"elementor-widget-container\">\n\t\t\t\t\t<div class=\"elementor-image-box-wrapper\"><figure class=\"elementor-image-box-img\"><img decoding=\"async\" width=\"800\" height=\"800\" src=\"https:\/\/artdoral.com\/es\/wp-content\/uploads\/sites\/2\/2025\/04\/luis-gomez.png\" class=\"attachment-full size-full wp-image-1913\" alt=\"Luis G\u00f3mez Rinc\u00f3n\" srcset=\"https:\/\/artdoral.com\/es\/wp-content\/uploads\/sites\/2\/2025\/04\/luis-gomez.png 800w, https:\/\/artdoral.com\/es\/wp-content\/uploads\/sites\/2\/2025\/04\/luis-gomez-300x300.png 300w, https:\/\/artdoral.com\/es\/wp-content\/uploads\/sites\/2\/2025\/04\/luis-gomez-150x150.png 150w, https:\/\/artdoral.com\/es\/wp-content\/uploads\/sites\/2\/2025\/04\/luis-gomez-768x768.png 768w, https:\/\/artdoral.com\/es\/wp-content\/uploads\/sites\/2\/2025\/04\/luis-gomez-370x370.png 370w, https:\/\/artdoral.com\/es\/wp-content\/uploads\/sites\/2\/2025\/04\/luis-gomez-460x460.png 460w, https:\/\/artdoral.com\/es\/wp-content\/uploads\/sites\/2\/2025\/04\/luis-gomez-600x600.png 600w, https:\/\/artdoral.com\/es\/wp-content\/uploads\/sites\/2\/2025\/04\/luis-gomez-100x100.png 100w\" sizes=\"(max-width: 800px) 100vw, 800px\" \/><\/figure><div class=\"elementor-image-box-content\"><h3 class=\"elementor-image-box-title\">Luis G\u00f3mez Rinc\u00f3n<\/h3><p class=\"elementor-image-box-description\">Artista visual, arquitecto y urbanista egresado de la UCL (B\u00e9lgica), gestor cultural y profesor de la Facultad de Arte de la Universidad del Zulia (Venezuela). \nHa realizado 28 exposiciones individuales y participado en m\u00e1s de 160 colectivas en Venezuela, B\u00e9lgica, EE.UU., Holanda, Italia, Francia, Rep\u00fablica Checa, Corea del Sur, Malasia, Argentina, Brasil, Alemania, entre otros pa\u00edses.\n<br><br>\nDesde 2004, ha sido curador de proyectos de arte contempor\u00e1neo en Venezuela, B\u00e9lgica, Malasia y Alemania. Fue ponente en el 1er World Art Congress en Malasia (2014) con su conferencia Art that transforms to transform, y curador principal del Aruba Art Fair (2016) y del proyecto Werkstatt: Alemania | Venezuela (2014). Tambi\u00e9n se desempe\u00f1\u00f3 como comisario local del proyecto Lugares de Tr\u00e1nsito (Espa\u00f1a).\n<br><br>\nEn 2020, inici\u00f3 el proyecto art\u00edstico Tabla Peri\u00f3dica de Gentilicios con estudiantes inmigrantes de secundaria en diversas escuelas de Estados Unidos.<\/p><\/p><\/div><\/div>\t\t\t\t<\/div>\n\t\t\t\t<\/div>\n\t\t\t\t\t<\/div>\n\t\t<\/div>\n\t\t\t\t\t<\/div>\n\t\t<\/section>\n\t\t\t\t<\/div>\n\t\t","protected":false},"excerpt":{"rendered":"<p>Comit\u00e9 Curatorial F\u00e9lix Suazo Curador, cr\u00edtico de arte y profesor. En 2018 conceptualiz\u00f3 e implement\u00f3 el programa educativo para la XIV Bienal de Cuenca en Ecuador. En 2021 y 2022 estuvo a cargo de los Proyectos Especiales de la Pinta Miami Art Fair. Sus textos sobre el arte contempor\u00e1neo en Am\u00e9rica Latina se publican regularmente [&hellip;]<\/p>\n","protected":false},"author":1,"featured_media":0,"parent":0,"menu_order":0,"comment_status":"closed","ping_status":"closed","template":"elementor_header_footer","meta":{"footnotes":""},"class_list":["post-56","page","type-page","status-publish","hentry"],"_links":{"self":[{"href":"https:\/\/artdoral.com\/es\/wp-json\/wp\/v2\/pages\/56","targetHints":{"allow":["GET"]}}],"collection":[{"href":"https:\/\/artdoral.com\/es\/wp-json\/wp\/v2\/pages"}],"about":[{"href":"https:\/\/artdoral.com\/es\/wp-json\/wp\/v2\/types\/page"}],"author":[{"embeddable":true,"href":"https:\/\/artdoral.com\/es\/wp-json\/wp\/v2\/users\/1"}],"replies":[{"embeddable":true,"href":"https:\/\/artdoral.com\/es\/wp-json\/wp\/v2\/comments?post=56"}],"version-history":[{"count":12,"href":"https:\/\/artdoral.com\/es\/wp-json\/wp\/v2\/pages\/56\/revisions"}],"predecessor-version":[{"id":1916,"href":"https:\/\/artdoral.com\/es\/wp-json\/wp\/v2\/pages\/56\/revisions\/1916"}],"wp:attachment":[{"href":"https:\/\/artdoral.com\/es\/wp-json\/wp\/v2\/media?parent=56"}],"curies":[{"name":"wp","href":"https:\/\/api.w.org\/{rel}","templated":true}]}}