{"id":376,"date":"2023-11-01T16:30:17","date_gmt":"2023-11-01T16:30:17","guid":{"rendered":"https:\/\/artdoral.com\/es\/?page_id=376"},"modified":"2023-11-01T23:31:05","modified_gmt":"2023-11-01T23:31:05","slug":"gerardo-zavarce","status":"publish","type":"page","link":"https:\/\/artdoral.com\/es\/gerardo-zavarce\/","title":{"rendered":"Gerardo Zavarce"},"content":{"rendered":"\t\t<div data-elementor-type=\"wp-page\" data-elementor-id=\"376\" class=\"elementor elementor-376\" data-elementor-post-type=\"page\">\n\t\t\t\t\t\t<section class=\"elementor-section elementor-top-section elementor-element elementor-element-0656224 elementor-section-boxed elementor-section-height-default elementor-section-height-default\" data-id=\"0656224\" data-element_type=\"section\" data-e-type=\"section\" data-settings=\"{&quot;background_background&quot;:&quot;classic&quot;}\">\n\t\t\t\t\t\t\t<div class=\"elementor-background-overlay\"><\/div>\n\t\t\t\t\t\t\t<div class=\"elementor-container elementor-column-gap-default\">\n\t\t\t\t\t<div class=\"elementor-column elementor-col-100 elementor-top-column elementor-element elementor-element-e65bbb9\" data-id=\"e65bbb9\" data-element_type=\"column\" data-e-type=\"column\">\n\t\t\t<div class=\"elementor-widget-wrap elementor-element-populated\">\n\t\t\t\t\t\t<div class=\"elementor-element elementor-element-9faf16f elementor-widget elementor-widget-heading\" data-id=\"9faf16f\" data-element_type=\"widget\" data-e-type=\"widget\" data-widget_type=\"heading.default\">\n\t\t\t\t<div class=\"elementor-widget-container\">\n\t\t\t\t\t<h2 class=\"elementor-heading-title elementor-size-default\">Gerardo Zavarce<\/h2>\t\t\t\t<\/div>\n\t\t\t\t<\/div>\n\t\t\t\t\t<\/div>\n\t\t<\/div>\n\t\t\t\t\t<\/div>\n\t\t<\/section>\n\t\t\t\t<section class=\"elementor-section elementor-top-section elementor-element elementor-element-d705789 elementor-section-boxed elementor-section-height-default elementor-section-height-default\" data-id=\"d705789\" data-element_type=\"section\" data-e-type=\"section\">\n\t\t\t\t\t\t<div class=\"elementor-container elementor-column-gap-wider\">\n\t\t\t\t\t<div class=\"elementor-column elementor-col-50 elementor-top-column elementor-element elementor-element-4786272\" data-id=\"4786272\" data-element_type=\"column\" data-e-type=\"column\">\n\t\t\t<div class=\"elementor-widget-wrap elementor-element-populated\">\n\t\t\t\t\t\t<div class=\"elementor-element elementor-element-cfe23eb elementor-widget elementor-widget-image\" data-id=\"cfe23eb\" data-element_type=\"widget\" data-e-type=\"widget\" data-widget_type=\"image.default\">\n\t\t\t\t<div class=\"elementor-widget-container\">\n\t\t\t\t\t\t\t\t\t\t\t\t\t\t\t<img fetchpriority=\"high\" decoding=\"async\" width=\"800\" height=\"810\" src=\"https:\/\/artdoral.com\/es\/wp-content\/uploads\/sites\/2\/2023\/11\/DIAF_imagotipo_negro.webp\" class=\"attachment-large size-large wp-image-339\" alt=\"\" srcset=\"https:\/\/artdoral.com\/es\/wp-content\/uploads\/sites\/2\/2023\/11\/DIAF_imagotipo_negro.webp 937w, https:\/\/artdoral.com\/es\/wp-content\/uploads\/sites\/2\/2023\/11\/DIAF_imagotipo_negro-296x300.webp 296w, https:\/\/artdoral.com\/es\/wp-content\/uploads\/sites\/2\/2023\/11\/DIAF_imagotipo_negro-768x778.webp 768w, https:\/\/artdoral.com\/es\/wp-content\/uploads\/sites\/2\/2023\/11\/DIAF_imagotipo_negro-600x608.webp 600w, https:\/\/artdoral.com\/es\/wp-content\/uploads\/sites\/2\/2023\/11\/DIAF_imagotipo_negro-100x100.webp 100w\" sizes=\"(max-width: 800px) 100vw, 800px\" \/>\t\t\t\t\t\t\t\t\t\t\t\t\t\t\t<\/div>\n\t\t\t\t<\/div>\n\t\t\t\t\t<\/div>\n\t\t<\/div>\n\t\t\t\t<div class=\"elementor-column elementor-col-50 elementor-top-column elementor-element elementor-element-bbca586\" data-id=\"bbca586\" data-element_type=\"column\" data-e-type=\"column\">\n\t\t\t<div class=\"elementor-widget-wrap elementor-element-populated\">\n\t\t\t\t\t\t<div class=\"elementor-element elementor-element-bd45c39 elementor-widget elementor-widget-text-editor\" data-id=\"bd45c39\" data-element_type=\"widget\" data-e-type=\"widget\" data-widget_type=\"text-editor.default\">\n\t\t\t\t<div class=\"elementor-widget-container\">\n\t\t\t\t\t\t\t\t\t<p>Licenciado en artes por la Universidad Central de Venezuela (1999). Se ha desempe\u00f1ado como profesional independiente: investigador, promotor y asesor en el \u00e1rea de cultura y artes visuales. Ha participado como organizador y ponente en eventos nacionales e internacionales: destacando el Seminario de Arte Emergente (Mendoza, Argentina, 2004); el 1er Encuentro Iberoamericano de Espacios Culturales Alternativos (Caracas, 2006); Seminario Internacional \u00a8La Autonom\u00eda Reformulada (Caracas, 2006); XII Simposio Internacional Historia y Cr\u00edtica de Arte (Santo Domingo, RD, 2017). Colabora permanentemente con diversas publicaciones de arte y cultura. Durante los a\u00f1os 2006-2009 colabor\u00f3 como cr\u00edtico en el Diario El Nacional (Venezuela). Actualmente se desempe\u00f1a como curador independiente y reside en Santo Domingo, Rep\u00fablica Dominicana.<\/p>\t\t\t\t\t\t\t\t<\/div>\n\t\t\t\t<\/div>\n\t\t\t\t\t<\/div>\n\t\t<\/div>\n\t\t\t\t\t<\/div>\n\t\t<\/section>\n\t\t\t\t<\/div>\n\t\t","protected":false},"excerpt":{"rendered":"<p>Gerardo Zavarce Licenciado en artes por la Universidad Central de Venezuela (1999). Se ha desempe\u00f1ado como profesional independiente: investigador, promotor y asesor en el \u00e1rea de cultura y artes visuales. Ha participado como organizador y ponente en eventos nacionales e internacionales: destacando el Seminario de Arte Emergente (Mendoza, Argentina, 2004); el 1er Encuentro Iberoamericano de [&hellip;]<\/p>\n","protected":false},"author":1,"featured_media":0,"parent":0,"menu_order":0,"comment_status":"closed","ping_status":"closed","template":"elementor_header_footer","meta":{"footnotes":""},"class_list":["post-376","page","type-page","status-publish","hentry"],"_links":{"self":[{"href":"https:\/\/artdoral.com\/es\/wp-json\/wp\/v2\/pages\/376","targetHints":{"allow":["GET"]}}],"collection":[{"href":"https:\/\/artdoral.com\/es\/wp-json\/wp\/v2\/pages"}],"about":[{"href":"https:\/\/artdoral.com\/es\/wp-json\/wp\/v2\/types\/page"}],"author":[{"embeddable":true,"href":"https:\/\/artdoral.com\/es\/wp-json\/wp\/v2\/users\/1"}],"replies":[{"embeddable":true,"href":"https:\/\/artdoral.com\/es\/wp-json\/wp\/v2\/comments?post=376"}],"version-history":[{"count":7,"href":"https:\/\/artdoral.com\/es\/wp-json\/wp\/v2\/pages\/376\/revisions"}],"predecessor-version":[{"id":419,"href":"https:\/\/artdoral.com\/es\/wp-json\/wp\/v2\/pages\/376\/revisions\/419"}],"wp:attachment":[{"href":"https:\/\/artdoral.com\/es\/wp-json\/wp\/v2\/media?parent=376"}],"curies":[{"name":"wp","href":"https:\/\/api.w.org\/{rel}","templated":true}]}}