{"id":351,"date":"2023-11-01T16:17:18","date_gmt":"2023-11-01T16:17:18","guid":{"rendered":"https:\/\/artdoral.com\/es\/?page_id=351"},"modified":"2023-11-01T23:20:38","modified_gmt":"2023-11-01T23:20:38","slug":"adriana-meneses","status":"publish","type":"page","link":"https:\/\/artdoral.com\/es\/adriana-meneses\/","title":{"rendered":"Adriana Meneses"},"content":{"rendered":"\t\t<div data-elementor-type=\"wp-page\" data-elementor-id=\"351\" class=\"elementor elementor-351\" data-elementor-post-type=\"page\">\n\t\t\t\t\t\t<section class=\"elementor-section elementor-top-section elementor-element elementor-element-b4ec8dd elementor-section-boxed elementor-section-height-default elementor-section-height-default\" data-id=\"b4ec8dd\" data-element_type=\"section\" data-e-type=\"section\" data-settings=\"{&quot;background_background&quot;:&quot;classic&quot;}\">\n\t\t\t\t\t\t\t<div class=\"elementor-background-overlay\"><\/div>\n\t\t\t\t\t\t\t<div class=\"elementor-container elementor-column-gap-default\">\n\t\t\t\t\t<div class=\"elementor-column elementor-col-100 elementor-top-column elementor-element elementor-element-6a45656\" data-id=\"6a45656\" data-element_type=\"column\" data-e-type=\"column\">\n\t\t\t<div class=\"elementor-widget-wrap elementor-element-populated\">\n\t\t\t\t\t\t<div class=\"elementor-element elementor-element-b2199ad elementor-widget elementor-widget-heading\" data-id=\"b2199ad\" data-element_type=\"widget\" data-e-type=\"widget\" data-widget_type=\"heading.default\">\n\t\t\t\t<div class=\"elementor-widget-container\">\n\t\t\t\t\t<h2 class=\"elementor-heading-title elementor-size-default\">Adriana Meneses<\/h2>\t\t\t\t<\/div>\n\t\t\t\t<\/div>\n\t\t\t\t\t<\/div>\n\t\t<\/div>\n\t\t\t\t\t<\/div>\n\t\t<\/section>\n\t\t\t\t<section class=\"elementor-section elementor-top-section elementor-element elementor-element-1051063 elementor-section-boxed elementor-section-height-default elementor-section-height-default\" data-id=\"1051063\" data-element_type=\"section\" data-e-type=\"section\">\n\t\t\t\t\t\t<div class=\"elementor-container elementor-column-gap-wider\">\n\t\t\t\t\t<div class=\"elementor-column elementor-col-50 elementor-top-column elementor-element elementor-element-af8a800\" data-id=\"af8a800\" data-element_type=\"column\" data-e-type=\"column\">\n\t\t\t<div class=\"elementor-widget-wrap elementor-element-populated\">\n\t\t\t\t\t\t<div class=\"elementor-element elementor-element-0c6d3d6 elementor-widget elementor-widget-image\" data-id=\"0c6d3d6\" data-element_type=\"widget\" data-e-type=\"widget\" data-widget_type=\"image.default\">\n\t\t\t\t<div class=\"elementor-widget-container\">\n\t\t\t\t\t\t\t\t\t\t\t\t\t\t\t<img fetchpriority=\"high\" decoding=\"async\" width=\"800\" height=\"800\" src=\"https:\/\/artdoral.com\/es\/wp-content\/uploads\/sites\/2\/2023\/09\/Doral-Art-Fair-BP-9-Adriana-Meneses-1024x1024.webp\" class=\"attachment-large size-large wp-image-19\" alt=\"\" srcset=\"https:\/\/artdoral.com\/es\/wp-content\/uploads\/sites\/2\/2023\/09\/Doral-Art-Fair-BP-9-Adriana-Meneses-1024x1024.webp 1024w, https:\/\/artdoral.com\/es\/wp-content\/uploads\/sites\/2\/2023\/09\/Doral-Art-Fair-BP-9-Adriana-Meneses-300x300.webp 300w, https:\/\/artdoral.com\/es\/wp-content\/uploads\/sites\/2\/2023\/09\/Doral-Art-Fair-BP-9-Adriana-Meneses-150x150.webp 150w, https:\/\/artdoral.com\/es\/wp-content\/uploads\/sites\/2\/2023\/09\/Doral-Art-Fair-BP-9-Adriana-Meneses-768x768.webp 768w, https:\/\/artdoral.com\/es\/wp-content\/uploads\/sites\/2\/2023\/09\/Doral-Art-Fair-BP-9-Adriana-Meneses-1536x1536.webp 1536w, https:\/\/artdoral.com\/es\/wp-content\/uploads\/sites\/2\/2023\/09\/Doral-Art-Fair-BP-9-Adriana-Meneses-600x600.webp 600w, https:\/\/artdoral.com\/es\/wp-content\/uploads\/sites\/2\/2023\/09\/Doral-Art-Fair-BP-9-Adriana-Meneses-100x100.webp 100w, https:\/\/artdoral.com\/es\/wp-content\/uploads\/sites\/2\/2023\/09\/Doral-Art-Fair-BP-9-Adriana-Meneses.webp 1611w\" sizes=\"(max-width: 800px) 100vw, 800px\" \/>\t\t\t\t\t\t\t\t\t\t\t\t\t\t\t<\/div>\n\t\t\t\t<\/div>\n\t\t\t\t\t<\/div>\n\t\t<\/div>\n\t\t\t\t<div class=\"elementor-column elementor-col-50 elementor-top-column elementor-element elementor-element-19d4077\" data-id=\"19d4077\" data-element_type=\"column\" data-e-type=\"column\">\n\t\t\t<div class=\"elementor-widget-wrap elementor-element-populated\">\n\t\t\t\t\t\t<div class=\"elementor-element elementor-element-857b0d2 elementor-widget elementor-widget-text-editor\" data-id=\"857b0d2\" data-element_type=\"widget\" data-e-type=\"widget\" data-widget_type=\"text-editor.default\">\n\t\t\t\t<div class=\"elementor-widget-container\">\n\t\t\t\t\t\t\t\t\t<p>Adriana Meneses Imber es gestora cultural y curadora de artes visuales con una ilustre carrera de m\u00e1s de 40 a\u00f1os creando, desarrollando y organizando diversos eventos culturales y apoyando emprendimientos art\u00edsticos.<\/p><p>Es Licenciada en Comunicaci\u00f3n por la UCAB (Caracas, Venezuela) y tiene un posgrado en Administraci\u00f3n de las Artes de la Universidad de Drexel, (Filadelfia, EE.UU.). Como Directora de Cultura del Gobierno del Distrito Federal, Venezuela, desarroll\u00f3 un amplio programa de exposiciones, eventos musicales y talleres de capacitaci\u00f3n, entre otras actividades. Haciendo gala de una s\u00f3lida \u00e9tica de trabajo, experiencia t\u00e9cnica, colaboraci\u00f3n efectiva en equipo y liderazgo, se convirti\u00f3 en directora-fundadora del Museo Jacobo Borges en 1995.<\/p><p>Durante sus once a\u00f1os en este cargo, desarroll\u00f3 una serie de exposiciones y actividades que vincularon el arte y cuestiones sociales. De 2006 a 2007 dirigi\u00f3 el Museo Carlos Cruz Diez y luego se convirti\u00f3 en coordinadora de Proyectos Especiales del IARTES, Caracas. En agosto de 2015, Adriana se mud\u00f3 a Estados Unidos, donde ha estado organizando exposiciones como parte del equipo de Bienes y Monumentos Institucionales I AM MONUMENTS.<\/p><p>Como curadora independiente, Adriana ha trabajado en numerosos proyectos y exposiciones en los Estados Unidos e internacionalmente, supervisando tareas integrales, que incluyen investigaci\u00f3n, selecci\u00f3n de piezas, gesti\u00f3n de bases de datos y coordinaci\u00f3n de eventos. Algunas de sus exposiciones son Por Ahora: Arte Venezolano Contempor\u00e1neo de la Di\u00e1spora de Miami (2019) y Visados para la Libertad (2020), Museo de Coral Gables; Botero a todo volumen (2022), Museo de Arte Contempor\u00e1neo de Doral; y Sinergias, Arte Geom\u00e9trico, MIFA (2022). Adriana est\u00e1 trabajando para salvaguardar el legado de la periodista, gestora de arte y defensora de las artes venezolana, Sof\u00eda Imber, en la Universidad de Miami, Florida.<\/p>\t\t\t\t\t\t\t\t<\/div>\n\t\t\t\t<\/div>\n\t\t\t\t\t<\/div>\n\t\t<\/div>\n\t\t\t\t\t<\/div>\n\t\t<\/section>\n\t\t\t\t<\/div>\n\t\t","protected":false},"excerpt":{"rendered":"<p>Adriana Meneses Adriana Meneses Imber es gestora cultural y curadora de artes visuales con una ilustre carrera de m\u00e1s de 40 a\u00f1os creando, desarrollando y organizando diversos eventos culturales y apoyando emprendimientos art\u00edsticos. Es Licenciada en Comunicaci\u00f3n por la UCAB (Caracas, Venezuela) y tiene un posgrado en Administraci\u00f3n de las Artes de la Universidad de [&hellip;]<\/p>\n","protected":false},"author":1,"featured_media":0,"parent":0,"menu_order":0,"comment_status":"closed","ping_status":"closed","template":"elementor_header_footer","meta":{"footnotes":""},"class_list":["post-351","page","type-page","status-publish","hentry"],"_links":{"self":[{"href":"https:\/\/artdoral.com\/es\/wp-json\/wp\/v2\/pages\/351","targetHints":{"allow":["GET"]}}],"collection":[{"href":"https:\/\/artdoral.com\/es\/wp-json\/wp\/v2\/pages"}],"about":[{"href":"https:\/\/artdoral.com\/es\/wp-json\/wp\/v2\/types\/page"}],"author":[{"embeddable":true,"href":"https:\/\/artdoral.com\/es\/wp-json\/wp\/v2\/users\/1"}],"replies":[{"embeddable":true,"href":"https:\/\/artdoral.com\/es\/wp-json\/wp\/v2\/comments?post=351"}],"version-history":[{"count":6,"href":"https:\/\/artdoral.com\/es\/wp-json\/wp\/v2\/pages\/351\/revisions"}],"predecessor-version":[{"id":409,"href":"https:\/\/artdoral.com\/es\/wp-json\/wp\/v2\/pages\/351\/revisions\/409"}],"wp:attachment":[{"href":"https:\/\/artdoral.com\/es\/wp-json\/wp\/v2\/media?parent=351"}],"curies":[{"name":"wp","href":"https:\/\/api.w.org\/{rel}","templated":true}]}}