{"id":2115,"date":"2025-09-18T18:54:23","date_gmt":"2025-09-18T18:54:23","guid":{"rendered":"https:\/\/artdoral.com\/es\/?page_id=2115"},"modified":"2025-09-18T19:43:37","modified_gmt":"2025-09-18T19:43:37","slug":"latinas-signs-of-nature","status":"publish","type":"page","link":"https:\/\/artdoral.com\/es\/latinas-signs-of-nature\/","title":{"rendered":"Latinas. Signs of Nature"},"content":{"rendered":"\t\t<div data-elementor-type=\"wp-page\" data-elementor-id=\"2115\" class=\"elementor elementor-2115\" data-elementor-post-type=\"page\">\n\t\t\t\t<div class=\"elementor-element elementor-element-81feb71 e-flex e-con-boxed e-con e-parent\" data-id=\"81feb71\" data-element_type=\"container\" data-e-type=\"container\">\n\t\t\t\t\t<div class=\"e-con-inner\">\n\t\t\t\t<div class=\"elementor-element elementor-element-7fc6719 elementor-widget elementor-widget-text-editor\" data-id=\"7fc6719\" data-element_type=\"widget\" data-e-type=\"widget\" data-widget_type=\"text-editor.default\">\n\t\t\t\t<div class=\"elementor-widget-container\">\n\t\t\t\t\t\t\t\t\t<article class=\"text-token-text-primary w-full\" dir=\"auto\" data-testid=\"conversation-turn-110\" data-scroll-anchor=\"false\">\n<div class=\"text-base my-auto mx-auto py-5 [--thread-content-margin:--spacing(4)] @[37rem]:[--thread-content-margin:--spacing(6)] @[72rem]:[--thread-content-margin:--spacing(16)] px-(--thread-content-margin)\">\n<div class=\"[--thread-content-max-width:32rem] @[34rem]:[--thread-content-max-width:40rem] @[64rem]:[--thread-content-max-width:48rem] mx-auto flex max-w-(--thread-content-max-width) flex-1 text-base gap-4 md:gap-5 lg:gap-6 group\/turn-messages focus-visible:outline-hidden\" tabindex=\"-1\">\n<div class=\"group\/conversation-turn relative flex w-full min-w-0 flex-col agent-turn\">\n<div class=\"relative flex-col gap-1 md:gap-3\">\n<div class=\"flex max-w-full flex-col grow\">\n<div class=\"min-h-8 text-message relative flex w-full flex-col items-end gap-2 text-start break-words whitespace-normal [.text-message+&amp;]:mt-5\" dir=\"auto\" data-message-author-role=\"assistant\" data-message-id=\"fb9eadaf-e833-47f0-b9a2-daff23654fa1\" data-message-model-slug=\"gpt-4o\">\n<div class=\"flex w-full flex-col gap-1 empty:hidden first:pt-[3px]\">\n<div class=\"markdown prose dark:prose-invert w-full break-words light\">\n\nDoral International Art Fair (DIAF) inaugur\u00f3 con orgullo su exposici\u00f3n colectiva, <strong>Latinas. Signs of Nature<\/strong>, este martes 16 de septiembre, en colaboraci\u00f3n con el Miami Dade College &#8211; West Campus, en el marco del Mes de la Herencia Hispana.\n\nCon la participaci\u00f3n de las aclamados artistas <strong>Ver\u00f3nica Riedel<\/strong> (Guatemala), <strong>Mari Carmen Orizondo<\/strong> (Cuba\/Rep\u00fablica Dominicana) e <strong>Ilian Arvelo<\/strong> (Venezuela\/EE. UU.), la exposici\u00f3n explora la relaci\u00f3n entre la naturaleza, la memoria y la experiencia subjetiva a trav\u00e9s de la fotograf\u00eda, el video y materiales experimentales.\n\nLa exposici\u00f3n permanecer\u00e1 abierta al p\u00fablico hasta el 15 de octubre de 2025 en el Miami Dade College &#8211; West Campus. La entrada es gratuita.\n\n<\/div>\n<\/div>\n<\/div>\n<\/div>\n<div style=\"padding:56.25% 0 0 0;position:relative;\"><iframe src=\"https:\/\/player.vimeo.com\/video\/1119441773?badge=0&amp;autopause=0&amp;player_id=0&amp;app_id=58479\" frameborder=\"0\" allow=\"autoplay; fullscreen; picture-in-picture; clipboard-write; encrypted-media; web-share\" referrerpolicy=\"strict-origin-when-cross-origin\" style=\"position:absolute;top:0;left:0;width:100%;height:100%;\" title=\"VIVE Miami News feature : Exhibition LATINAS.SIGN OF NATURE\"><\/iframe><\/div><script src=\"https:\/\/player.vimeo.com\/api\/player.js\"><\/script>\n<\/article>\t\t\t\t\t\t\t\t<\/div>\n\t\t\t\t<\/div>\n\t\t\t\t\t<\/div>\n\t\t\t\t<\/div>\n\t\t<div class=\"elementor-element elementor-element-e662d83 e-flex e-con-boxed e-con e-parent\" data-id=\"e662d83\" data-element_type=\"container\" data-e-type=\"container\">\n\t\t\t\t\t<div class=\"e-con-inner\">\n\t\t\t\t<div class=\"elementor-element elementor-element-42fc77b elementor-arrows-position-inside elementor-pagination-position-outside elementor-widget elementor-widget-image-carousel\" data-id=\"42fc77b\" data-element_type=\"widget\" data-e-type=\"widget\" data-settings=\"{&quot;navigation&quot;:&quot;both&quot;,&quot;autoplay&quot;:&quot;yes&quot;,&quot;pause_on_hover&quot;:&quot;yes&quot;,&quot;pause_on_interaction&quot;:&quot;yes&quot;,&quot;autoplay_speed&quot;:5000,&quot;infinite&quot;:&quot;yes&quot;,&quot;speed&quot;:500}\" data-widget_type=\"image-carousel.default\">\n\t\t\t\t<div class=\"elementor-widget-container\">\n\t\t\t\t\t\t\t<div class=\"elementor-image-carousel-wrapper swiper\" role=\"region\" aria-roledescription=\"carousel\" aria-label=\"Carrusel de Im\u00e1genes\" dir=\"ltr\">\n\t\t\t<div class=\"elementor-image-carousel swiper-wrapper\" aria-live=\"off\">\n\t\t\t\t\t\t\t\t<div class=\"swiper-slide\" role=\"group\" aria-roledescription=\"slide\" aria-label=\"1 de 14\"><figure class=\"swiper-slide-inner\"><img decoding=\"async\" class=\"swiper-slide-image\" src=\"https:\/\/artdoral.com\/es\/wp-content\/uploads\/sites\/2\/2025\/09\/latinas14.jpg\" alt=\"latinas14\" \/><\/figure><\/div><div class=\"swiper-slide\" role=\"group\" aria-roledescription=\"slide\" aria-label=\"2 de 14\"><figure class=\"swiper-slide-inner\"><img decoding=\"async\" class=\"swiper-slide-image\" src=\"https:\/\/artdoral.com\/es\/wp-content\/uploads\/sites\/2\/2025\/09\/latinas08.jpg\" alt=\"latinas08\" \/><\/figure><\/div><div class=\"swiper-slide\" role=\"group\" aria-roledescription=\"slide\" aria-label=\"3 de 14\"><figure class=\"swiper-slide-inner\"><img decoding=\"async\" class=\"swiper-slide-image\" src=\"https:\/\/artdoral.com\/es\/wp-content\/uploads\/sites\/2\/2025\/09\/latinas10.jpg\" alt=\"latinas10\" \/><\/figure><\/div><div class=\"swiper-slide\" role=\"group\" aria-roledescription=\"slide\" aria-label=\"4 de 14\"><figure class=\"swiper-slide-inner\"><img decoding=\"async\" class=\"swiper-slide-image\" src=\"https:\/\/artdoral.com\/es\/wp-content\/uploads\/sites\/2\/2025\/09\/latinas15.jpg\" alt=\"latinas15\" \/><\/figure><\/div><div class=\"swiper-slide\" role=\"group\" aria-roledescription=\"slide\" aria-label=\"5 de 14\"><figure class=\"swiper-slide-inner\"><img decoding=\"async\" class=\"swiper-slide-image\" src=\"https:\/\/artdoral.com\/es\/wp-content\/uploads\/sites\/2\/2025\/09\/latinas13.jpg\" alt=\"latinas13\" \/><\/figure><\/div><div class=\"swiper-slide\" role=\"group\" aria-roledescription=\"slide\" aria-label=\"6 de 14\"><figure class=\"swiper-slide-inner\"><img decoding=\"async\" class=\"swiper-slide-image\" src=\"https:\/\/artdoral.com\/es\/wp-content\/uploads\/sites\/2\/2025\/09\/latinas06.jpg\" alt=\"latinas06\" \/><\/figure><\/div><div class=\"swiper-slide\" role=\"group\" aria-roledescription=\"slide\" aria-label=\"7 de 14\"><figure class=\"swiper-slide-inner\"><img decoding=\"async\" class=\"swiper-slide-image\" src=\"https:\/\/artdoral.com\/es\/wp-content\/uploads\/sites\/2\/2025\/09\/latinas07.jpg\" alt=\"latinas07\" \/><\/figure><\/div><div class=\"swiper-slide\" role=\"group\" aria-roledescription=\"slide\" aria-label=\"8 de 14\"><figure class=\"swiper-slide-inner\"><img decoding=\"async\" class=\"swiper-slide-image\" src=\"https:\/\/artdoral.com\/es\/wp-content\/uploads\/sites\/2\/2025\/09\/latinas09.jpg\" alt=\"latinas09\" \/><\/figure><\/div><div class=\"swiper-slide\" role=\"group\" aria-roledescription=\"slide\" aria-label=\"9 de 14\"><figure class=\"swiper-slide-inner\"><img decoding=\"async\" class=\"swiper-slide-image\" src=\"https:\/\/artdoral.com\/es\/wp-content\/uploads\/sites\/2\/2025\/09\/latinas03.jpg\" alt=\"latinas03\" \/><\/figure><\/div><div class=\"swiper-slide\" role=\"group\" aria-roledescription=\"slide\" aria-label=\"10 de 14\"><figure class=\"swiper-slide-inner\"><img decoding=\"async\" class=\"swiper-slide-image\" src=\"https:\/\/artdoral.com\/es\/wp-content\/uploads\/sites\/2\/2025\/09\/latinas04.jpg\" alt=\"latinas04\" \/><\/figure><\/div><div class=\"swiper-slide\" role=\"group\" aria-roledescription=\"slide\" aria-label=\"11 de 14\"><figure class=\"swiper-slide-inner\"><img decoding=\"async\" class=\"swiper-slide-image\" src=\"https:\/\/artdoral.com\/es\/wp-content\/uploads\/sites\/2\/2025\/09\/latinas02.jpg\" alt=\"latinas02\" \/><\/figure><\/div><div class=\"swiper-slide\" role=\"group\" aria-roledescription=\"slide\" aria-label=\"12 de 14\"><figure class=\"swiper-slide-inner\"><img decoding=\"async\" class=\"swiper-slide-image\" src=\"https:\/\/artdoral.com\/es\/wp-content\/uploads\/sites\/2\/2025\/09\/latinas05.jpg\" alt=\"latinas05\" \/><\/figure><\/div><div class=\"swiper-slide\" role=\"group\" aria-roledescription=\"slide\" aria-label=\"13 de 14\"><figure class=\"swiper-slide-inner\"><img decoding=\"async\" class=\"swiper-slide-image\" src=\"https:\/\/artdoral.com\/es\/wp-content\/uploads\/sites\/2\/2025\/09\/latinas01.jpg\" alt=\"latinas01\" \/><\/figure><\/div><div class=\"swiper-slide\" role=\"group\" aria-roledescription=\"slide\" aria-label=\"14 de 14\"><figure class=\"swiper-slide-inner\"><img decoding=\"async\" class=\"swiper-slide-image\" src=\"https:\/\/artdoral.com\/es\/wp-content\/uploads\/sites\/2\/2025\/09\/latinas12.jpg\" alt=\"latinas12\" \/><\/figure><\/div>\t\t\t<\/div>\n\t\t\t\t\t\t\t\t\t\t\t\t<div class=\"elementor-swiper-button elementor-swiper-button-prev\" role=\"button\" tabindex=\"0\">\n\t\t\t\t\t\t<i aria-hidden=\"true\" class=\"eicon-chevron-left\"><\/i>\t\t\t\t\t<\/div>\n\t\t\t\t\t<div class=\"elementor-swiper-button elementor-swiper-button-next\" role=\"button\" tabindex=\"0\">\n\t\t\t\t\t\t<i aria-hidden=\"true\" class=\"eicon-chevron-right\"><\/i>\t\t\t\t\t<\/div>\n\t\t\t\t\n\t\t\t\t\t\t\t\t\t<div class=\"swiper-pagination\"><\/div>\n\t\t\t\t\t\t\t\t\t<\/div>\n\t\t\t\t\t\t<\/div>\n\t\t\t\t<\/div>\n\t\t\t\t\t<\/div>\n\t\t\t\t<\/div>\n\t\t\t\t<\/div>\n\t\t","protected":false},"excerpt":{"rendered":"<p>Doral International Art Fair (DIAF) inaugur\u00f3 con orgullo su exposici\u00f3n colectiva, Latinas. Signs of Nature, este martes 16 de septiembre, en colaboraci\u00f3n con el Miami Dade College &#8211; West Campus, en el marco del Mes de la Herencia Hispana. Con la participaci\u00f3n de las aclamados artistas Ver\u00f3nica Riedel (Guatemala), Mari Carmen Orizondo (Cuba\/Rep\u00fablica Dominicana) e [&hellip;]<\/p>\n","protected":false},"author":1,"featured_media":0,"parent":0,"menu_order":0,"comment_status":"closed","ping_status":"closed","template":"","meta":{"footnotes":""},"class_list":["post-2115","page","type-page","status-publish","hentry"],"_links":{"self":[{"href":"https:\/\/artdoral.com\/es\/wp-json\/wp\/v2\/pages\/2115","targetHints":{"allow":["GET"]}}],"collection":[{"href":"https:\/\/artdoral.com\/es\/wp-json\/wp\/v2\/pages"}],"about":[{"href":"https:\/\/artdoral.com\/es\/wp-json\/wp\/v2\/types\/page"}],"author":[{"embeddable":true,"href":"https:\/\/artdoral.com\/es\/wp-json\/wp\/v2\/users\/1"}],"replies":[{"embeddable":true,"href":"https:\/\/artdoral.com\/es\/wp-json\/wp\/v2\/comments?post=2115"}],"version-history":[{"count":7,"href":"https:\/\/artdoral.com\/es\/wp-json\/wp\/v2\/pages\/2115\/revisions"}],"predecessor-version":[{"id":2139,"href":"https:\/\/artdoral.com\/es\/wp-json\/wp\/v2\/pages\/2115\/revisions\/2139"}],"wp:attachment":[{"href":"https:\/\/artdoral.com\/es\/wp-json\/wp\/v2\/media?parent=2115"}],"curies":[{"name":"wp","href":"https:\/\/api.w.org\/{rel}","templated":true}]}}