{"id":1835,"date":"2025-03-06T19:37:18","date_gmt":"2025-03-06T19:37:18","guid":{"rendered":"https:\/\/artdoral.com\/es\/?page_id=1835"},"modified":"2025-03-06T19:38:34","modified_gmt":"2025-03-06T19:38:34","slug":"edicion-2024","status":"publish","type":"page","link":"https:\/\/artdoral.com\/es\/edicion-2024\/","title":{"rendered":"Edici\u00f3n 2024"},"content":{"rendered":"\t\t<div data-elementor-type=\"wp-page\" data-elementor-id=\"1835\" class=\"elementor elementor-1835\" data-elementor-post-type=\"page\">\n\t\t\t\t<div class=\"elementor-element elementor-element-1f9788eb e-flex e-con-boxed e-con e-parent\" data-id=\"1f9788eb\" data-element_type=\"container\" data-e-type=\"container\">\n\t\t\t\t\t<div class=\"e-con-inner\">\n\t\t\t\t<div class=\"elementor-element elementor-element-30638acb elementor-widget elementor-widget-text-editor\" data-id=\"30638acb\" data-element_type=\"widget\" data-e-type=\"widget\" data-widget_type=\"text-editor.default\">\n\t\t\t\t<div class=\"elementor-widget-container\">\n\t\t\t\t\t\t\t\t\tLa segunda edici\u00f3n de la Doral International Art Fair se efectu\u00f3 del 7 al 10 de noviembre, ampliando su duraci\u00f3n a 4 d\u00edas, en los que m\u00e1s de 4000 personas recorrieron nuestros espacios para deleitarse con la propuesta de m\u00e1s de 20 galer\u00edas, colecciones privadas y proyectos especiales, superando as\u00ed las expectativas del a\u00f1o anterior.\t\t\t\t\t\t\t\t<\/div>\n\t\t\t\t<\/div>\n\t\t\t\t\t<\/div>\n\t\t\t\t<\/div>\n\t\t<div class=\"elementor-element elementor-element-798939f e-flex e-con-boxed e-con e-parent\" data-id=\"798939f\" data-element_type=\"container\" data-e-type=\"container\">\n\t\t\t\t\t<div class=\"e-con-inner\">\n\t\t\t\t<div class=\"elementor-element elementor-element-51964e2 elementor-arrows-position-inside elementor-pagination-position-outside elementor-widget elementor-widget-image-carousel\" data-id=\"51964e2\" data-element_type=\"widget\" data-e-type=\"widget\" data-settings=\"{&quot;navigation&quot;:&quot;both&quot;,&quot;autoplay&quot;:&quot;yes&quot;,&quot;pause_on_hover&quot;:&quot;yes&quot;,&quot;pause_on_interaction&quot;:&quot;yes&quot;,&quot;autoplay_speed&quot;:5000,&quot;infinite&quot;:&quot;yes&quot;,&quot;speed&quot;:500}\" data-widget_type=\"image-carousel.default\">\n\t\t\t\t<div class=\"elementor-widget-container\">\n\t\t\t\t\t\t\t<div class=\"elementor-image-carousel-wrapper swiper\" role=\"region\" aria-roledescription=\"carousel\" aria-label=\"Carrusel de Im\u00e1genes\" dir=\"ltr\">\n\t\t\t<div class=\"elementor-image-carousel swiper-wrapper\" aria-live=\"off\">\n\t\t\t\t\t\t\t\t<div class=\"swiper-slide\" role=\"group\" aria-roledescription=\"slide\" aria-label=\"1 de 37\"><figure class=\"swiper-slide-inner\"><img decoding=\"async\" class=\"swiper-slide-image\" src=\"https:\/\/artdoral.com\/es\/wp-content\/uploads\/sites\/2\/2025\/03\/diaf-2024-37.jpg\" alt=\"diaf-2024-37\" \/><\/figure><\/div><div class=\"swiper-slide\" role=\"group\" aria-roledescription=\"slide\" aria-label=\"2 de 37\"><figure class=\"swiper-slide-inner\"><img decoding=\"async\" class=\"swiper-slide-image\" src=\"https:\/\/artdoral.com\/es\/wp-content\/uploads\/sites\/2\/2025\/03\/diaf-2024-1.jpg\" alt=\"diaf-2024-1\" \/><\/figure><\/div><div class=\"swiper-slide\" role=\"group\" aria-roledescription=\"slide\" aria-label=\"3 de 37\"><figure class=\"swiper-slide-inner\"><img decoding=\"async\" class=\"swiper-slide-image\" src=\"https:\/\/artdoral.com\/es\/wp-content\/uploads\/sites\/2\/2025\/03\/diaf-2024-2.jpg\" alt=\"diaf-2024-2\" \/><\/figure><\/div><div class=\"swiper-slide\" role=\"group\" aria-roledescription=\"slide\" aria-label=\"4 de 37\"><figure class=\"swiper-slide-inner\"><img decoding=\"async\" class=\"swiper-slide-image\" src=\"https:\/\/artdoral.com\/es\/wp-content\/uploads\/sites\/2\/2025\/03\/diaf-2024-5.jpg\" alt=\"diaf-2024-5\" \/><\/figure><\/div><div class=\"swiper-slide\" role=\"group\" aria-roledescription=\"slide\" aria-label=\"5 de 37\"><figure class=\"swiper-slide-inner\"><img decoding=\"async\" class=\"swiper-slide-image\" src=\"https:\/\/artdoral.com\/es\/wp-content\/uploads\/sites\/2\/2025\/03\/diaf-2024-3.jpg\" alt=\"diaf-2024-3\" \/><\/figure><\/div><div class=\"swiper-slide\" role=\"group\" aria-roledescription=\"slide\" aria-label=\"6 de 37\"><figure class=\"swiper-slide-inner\"><img decoding=\"async\" class=\"swiper-slide-image\" src=\"https:\/\/artdoral.com\/es\/wp-content\/uploads\/sites\/2\/2025\/03\/diaf-2024-4.jpg\" alt=\"diaf-2024-4\" \/><\/figure><\/div><div class=\"swiper-slide\" role=\"group\" aria-roledescription=\"slide\" aria-label=\"7 de 37\"><figure class=\"swiper-slide-inner\"><img decoding=\"async\" class=\"swiper-slide-image\" src=\"https:\/\/artdoral.com\/es\/wp-content\/uploads\/sites\/2\/2025\/03\/diaf-2024-7.jpg\" alt=\"diaf-2024-7\" \/><\/figure><\/div><div class=\"swiper-slide\" role=\"group\" aria-roledescription=\"slide\" aria-label=\"8 de 37\"><figure class=\"swiper-slide-inner\"><img decoding=\"async\" class=\"swiper-slide-image\" src=\"https:\/\/artdoral.com\/es\/wp-content\/uploads\/sites\/2\/2025\/03\/diaf-2024-8.jpg\" alt=\"diaf-2024-8\" \/><\/figure><\/div><div class=\"swiper-slide\" role=\"group\" aria-roledescription=\"slide\" aria-label=\"9 de 37\"><figure class=\"swiper-slide-inner\"><img decoding=\"async\" class=\"swiper-slide-image\" src=\"https:\/\/artdoral.com\/es\/wp-content\/uploads\/sites\/2\/2025\/03\/diaf-2024-6.jpg\" alt=\"diaf-2024-6\" \/><\/figure><\/div><div class=\"swiper-slide\" role=\"group\" aria-roledescription=\"slide\" aria-label=\"10 de 37\"><figure class=\"swiper-slide-inner\"><img decoding=\"async\" class=\"swiper-slide-image\" src=\"https:\/\/artdoral.com\/es\/wp-content\/uploads\/sites\/2\/2025\/03\/diaf-2024-10.jpg\" alt=\"diaf-2024-10\" \/><\/figure><\/div><div class=\"swiper-slide\" role=\"group\" aria-roledescription=\"slide\" aria-label=\"11 de 37\"><figure class=\"swiper-slide-inner\"><img decoding=\"async\" class=\"swiper-slide-image\" src=\"https:\/\/artdoral.com\/es\/wp-content\/uploads\/sites\/2\/2025\/03\/diaf-2024-11.jpg\" alt=\"diaf-2024-11\" \/><\/figure><\/div><div class=\"swiper-slide\" role=\"group\" aria-roledescription=\"slide\" aria-label=\"12 de 37\"><figure class=\"swiper-slide-inner\"><img decoding=\"async\" class=\"swiper-slide-image\" src=\"https:\/\/artdoral.com\/es\/wp-content\/uploads\/sites\/2\/2025\/03\/diaf-2024-12.jpg\" alt=\"diaf-2024-12\" \/><\/figure><\/div><div class=\"swiper-slide\" role=\"group\" aria-roledescription=\"slide\" aria-label=\"13 de 37\"><figure class=\"swiper-slide-inner\"><img decoding=\"async\" class=\"swiper-slide-image\" src=\"https:\/\/artdoral.com\/es\/wp-content\/uploads\/sites\/2\/2025\/03\/diaf-2024-13.jpg\" alt=\"diaf-2024-13\" \/><\/figure><\/div><div class=\"swiper-slide\" role=\"group\" aria-roledescription=\"slide\" aria-label=\"14 de 37\"><figure class=\"swiper-slide-inner\"><img decoding=\"async\" class=\"swiper-slide-image\" src=\"https:\/\/artdoral.com\/es\/wp-content\/uploads\/sites\/2\/2025\/03\/diaf-2024-14.jpg\" alt=\"diaf-2024-14\" \/><\/figure><\/div><div class=\"swiper-slide\" role=\"group\" aria-roledescription=\"slide\" aria-label=\"15 de 37\"><figure class=\"swiper-slide-inner\"><img decoding=\"async\" class=\"swiper-slide-image\" src=\"https:\/\/artdoral.com\/es\/wp-content\/uploads\/sites\/2\/2025\/03\/diaf-2024-9.jpg\" alt=\"diaf-2024-9\" \/><\/figure><\/div><div class=\"swiper-slide\" role=\"group\" aria-roledescription=\"slide\" aria-label=\"16 de 37\"><figure class=\"swiper-slide-inner\"><img decoding=\"async\" class=\"swiper-slide-image\" src=\"https:\/\/artdoral.com\/es\/wp-content\/uploads\/sites\/2\/2025\/03\/diaf-2024-15.jpg\" alt=\"diaf-2024-15\" \/><\/figure><\/div><div class=\"swiper-slide\" role=\"group\" aria-roledescription=\"slide\" aria-label=\"17 de 37\"><figure class=\"swiper-slide-inner\"><img decoding=\"async\" class=\"swiper-slide-image\" src=\"https:\/\/artdoral.com\/es\/wp-content\/uploads\/sites\/2\/2025\/03\/diaf-2024-19.jpg\" alt=\"diaf-2024-19\" \/><\/figure><\/div><div class=\"swiper-slide\" role=\"group\" aria-roledescription=\"slide\" aria-label=\"18 de 37\"><figure class=\"swiper-slide-inner\"><img decoding=\"async\" class=\"swiper-slide-image\" src=\"https:\/\/artdoral.com\/es\/wp-content\/uploads\/sites\/2\/2025\/03\/diaf-2024-20.jpg\" alt=\"diaf-2024-20\" \/><\/figure><\/div><div class=\"swiper-slide\" role=\"group\" aria-roledescription=\"slide\" aria-label=\"19 de 37\"><figure class=\"swiper-slide-inner\"><img decoding=\"async\" class=\"swiper-slide-image\" src=\"https:\/\/artdoral.com\/es\/wp-content\/uploads\/sites\/2\/2025\/03\/diaf-2024-21.jpg\" alt=\"diaf-2024-21\" \/><\/figure><\/div><div class=\"swiper-slide\" role=\"group\" aria-roledescription=\"slide\" aria-label=\"20 de 37\"><figure class=\"swiper-slide-inner\"><img decoding=\"async\" class=\"swiper-slide-image\" src=\"https:\/\/artdoral.com\/es\/wp-content\/uploads\/sites\/2\/2025\/03\/diaf-2024-22.jpg\" alt=\"diaf-2024-22\" \/><\/figure><\/div><div class=\"swiper-slide\" role=\"group\" aria-roledescription=\"slide\" aria-label=\"21 de 37\"><figure class=\"swiper-slide-inner\"><img decoding=\"async\" class=\"swiper-slide-image\" src=\"https:\/\/artdoral.com\/es\/wp-content\/uploads\/sites\/2\/2025\/03\/diaf-2024-23.jpg\" alt=\"diaf-2024-23\" \/><\/figure><\/div><div class=\"swiper-slide\" role=\"group\" aria-roledescription=\"slide\" aria-label=\"22 de 37\"><figure class=\"swiper-slide-inner\"><img decoding=\"async\" class=\"swiper-slide-image\" src=\"https:\/\/artdoral.com\/es\/wp-content\/uploads\/sites\/2\/2025\/03\/diaf-2024-24.jpg\" alt=\"diaf-2024-24\" \/><\/figure><\/div><div class=\"swiper-slide\" role=\"group\" aria-roledescription=\"slide\" aria-label=\"23 de 37\"><figure class=\"swiper-slide-inner\"><img decoding=\"async\" class=\"swiper-slide-image\" src=\"https:\/\/artdoral.com\/es\/wp-content\/uploads\/sites\/2\/2025\/03\/diaf-2024-25.jpg\" alt=\"diaf-2024-25\" \/><\/figure><\/div><div class=\"swiper-slide\" role=\"group\" aria-roledescription=\"slide\" aria-label=\"24 de 37\"><figure class=\"swiper-slide-inner\"><img decoding=\"async\" class=\"swiper-slide-image\" src=\"https:\/\/artdoral.com\/es\/wp-content\/uploads\/sites\/2\/2025\/03\/diaf-2024-26.jpg\" alt=\"diaf-2024-26\" \/><\/figure><\/div><div class=\"swiper-slide\" role=\"group\" aria-roledescription=\"slide\" aria-label=\"25 de 37\"><figure class=\"swiper-slide-inner\"><img decoding=\"async\" class=\"swiper-slide-image\" src=\"https:\/\/artdoral.com\/es\/wp-content\/uploads\/sites\/2\/2025\/03\/diaf-2024-27.jpg\" alt=\"diaf-2024-27\" \/><\/figure><\/div><div class=\"swiper-slide\" role=\"group\" aria-roledescription=\"slide\" aria-label=\"26 de 37\"><figure class=\"swiper-slide-inner\"><img decoding=\"async\" class=\"swiper-slide-image\" src=\"https:\/\/artdoral.com\/es\/wp-content\/uploads\/sites\/2\/2025\/03\/diaf-2024-28.jpg\" alt=\"diaf-2024-28\" \/><\/figure><\/div><div class=\"swiper-slide\" role=\"group\" aria-roledescription=\"slide\" aria-label=\"27 de 37\"><figure class=\"swiper-slide-inner\"><img decoding=\"async\" class=\"swiper-slide-image\" src=\"https:\/\/artdoral.com\/es\/wp-content\/uploads\/sites\/2\/2025\/03\/diaf-2024-29.jpg\" alt=\"diaf-2024-29\" \/><\/figure><\/div><div class=\"swiper-slide\" role=\"group\" aria-roledescription=\"slide\" aria-label=\"28 de 37\"><figure class=\"swiper-slide-inner\"><img decoding=\"async\" class=\"swiper-slide-image\" src=\"https:\/\/artdoral.com\/es\/wp-content\/uploads\/sites\/2\/2025\/03\/diaf-2024-30.jpg\" alt=\"diaf-2024-30\" \/><\/figure><\/div><div class=\"swiper-slide\" role=\"group\" aria-roledescription=\"slide\" aria-label=\"29 de 37\"><figure class=\"swiper-slide-inner\"><img decoding=\"async\" class=\"swiper-slide-image\" src=\"https:\/\/artdoral.com\/es\/wp-content\/uploads\/sites\/2\/2025\/03\/diaf-2024-31.jpg\" alt=\"diaf-2024-31\" \/><\/figure><\/div><div class=\"swiper-slide\" role=\"group\" aria-roledescription=\"slide\" aria-label=\"30 de 37\"><figure class=\"swiper-slide-inner\"><img decoding=\"async\" class=\"swiper-slide-image\" src=\"https:\/\/artdoral.com\/es\/wp-content\/uploads\/sites\/2\/2025\/03\/diaf-2024-32.jpg\" alt=\"diaf-2024-32\" \/><\/figure><\/div><div class=\"swiper-slide\" role=\"group\" aria-roledescription=\"slide\" aria-label=\"31 de 37\"><figure class=\"swiper-slide-inner\"><img decoding=\"async\" class=\"swiper-slide-image\" src=\"https:\/\/artdoral.com\/es\/wp-content\/uploads\/sites\/2\/2025\/03\/diaf-2024-33.jpg\" alt=\"diaf-2024-33\" \/><\/figure><\/div><div class=\"swiper-slide\" role=\"group\" aria-roledescription=\"slide\" aria-label=\"32 de 37\"><figure class=\"swiper-slide-inner\"><img decoding=\"async\" class=\"swiper-slide-image\" src=\"https:\/\/artdoral.com\/es\/wp-content\/uploads\/sites\/2\/2025\/03\/diaf-2024-34.jpg\" alt=\"diaf-2024-34\" \/><\/figure><\/div><div class=\"swiper-slide\" role=\"group\" aria-roledescription=\"slide\" aria-label=\"33 de 37\"><figure class=\"swiper-slide-inner\"><img decoding=\"async\" class=\"swiper-slide-image\" src=\"https:\/\/artdoral.com\/es\/wp-content\/uploads\/sites\/2\/2025\/03\/diaf-2024-35.jpg\" alt=\"diaf-2024-35\" \/><\/figure><\/div><div class=\"swiper-slide\" role=\"group\" aria-roledescription=\"slide\" aria-label=\"34 de 37\"><figure class=\"swiper-slide-inner\"><img decoding=\"async\" class=\"swiper-slide-image\" src=\"https:\/\/artdoral.com\/es\/wp-content\/uploads\/sites\/2\/2025\/03\/diaf-2024-36.jpg\" alt=\"diaf-2024-36\" \/><\/figure><\/div><div class=\"swiper-slide\" role=\"group\" aria-roledescription=\"slide\" aria-label=\"35 de 37\"><figure class=\"swiper-slide-inner\"><img decoding=\"async\" class=\"swiper-slide-image\" src=\"https:\/\/artdoral.com\/es\/wp-content\/uploads\/sites\/2\/2025\/03\/diaf-2024-16.jpg\" alt=\"diaf-2024-16\" \/><\/figure><\/div><div class=\"swiper-slide\" role=\"group\" aria-roledescription=\"slide\" aria-label=\"36 de 37\"><figure class=\"swiper-slide-inner\"><img decoding=\"async\" class=\"swiper-slide-image\" src=\"https:\/\/artdoral.com\/es\/wp-content\/uploads\/sites\/2\/2025\/03\/diaf-2024-17.jpg\" alt=\"diaf-2024-17\" \/><\/figure><\/div><div class=\"swiper-slide\" role=\"group\" aria-roledescription=\"slide\" aria-label=\"37 de 37\"><figure class=\"swiper-slide-inner\"><img decoding=\"async\" class=\"swiper-slide-image\" src=\"https:\/\/artdoral.com\/es\/wp-content\/uploads\/sites\/2\/2025\/03\/diaf-2024-18.jpg\" alt=\"diaf-2024-18\" \/><\/figure><\/div>\t\t\t<\/div>\n\t\t\t\t\t\t\t\t\t\t\t\t<div class=\"elementor-swiper-button elementor-swiper-button-prev\" role=\"button\" tabindex=\"0\">\n\t\t\t\t\t\t<i aria-hidden=\"true\" class=\"eicon-chevron-left\"><\/i>\t\t\t\t\t<\/div>\n\t\t\t\t\t<div class=\"elementor-swiper-button elementor-swiper-button-next\" role=\"button\" tabindex=\"0\">\n\t\t\t\t\t\t<i aria-hidden=\"true\" class=\"eicon-chevron-right\"><\/i>\t\t\t\t\t<\/div>\n\t\t\t\t\n\t\t\t\t\t\t\t\t\t<div class=\"swiper-pagination\"><\/div>\n\t\t\t\t\t\t\t\t\t<\/div>\n\t\t\t\t\t\t<\/div>\n\t\t\t\t<\/div>\n\t\t\t\t\t<\/div>\n\t\t\t\t<\/div>\n\t\t<div class=\"elementor-element elementor-element-a951831 e-flex e-con-boxed e-con e-parent\" data-id=\"a951831\" data-element_type=\"container\" data-e-type=\"container\">\n\t\t\t\t\t<div class=\"e-con-inner\">\n\t\t<div class=\"elementor-element elementor-element-ae000d6 e-con-full e-flex e-con e-child\" data-id=\"ae000d6\" data-element_type=\"container\" data-e-type=\"container\">\n\t\t\t\t<div class=\"elementor-element elementor-element-305a96f elementor-widget elementor-widget-text-editor\" data-id=\"305a96f\" data-element_type=\"widget\" data-e-type=\"widget\" data-widget_type=\"text-editor.default\">\n\t\t\t\t<div class=\"elementor-widget-container\">\n\t\t\t\t\t\t\t\t\t<h3 style=\"font-family: Rafine, sans-serif; color: #1a3a23;\">GALLER\u00cdAS<\/h3><p>\u00a0<\/p><p>AGM Art | Mundo Arte Gallery | DIAF |\u00a0<span style=\"color: var( --e-global-color-text ); font-family: var( --e-global-typography-text-font-family ), Sans-serif; font-weight: var( --e-global-typography-text-font-weight ); text-align: var(--text-align);\">Miami International Fine Arts | Blackship Gallery | Centro Cultural Espa\u00f1ol | META Miami \/ Henrique Faria | Art Media Gallery | Artifice At Doral Art Nouveau Gallery | Ninoska Huerta Gallery | Special Project: Celebrando A Sof\u00eda \u00cdmber 100 A\u00f1os | The Bright Foundation | Arthood 56 Gallery | Nones + Art | BAG Art Gallery | Arts Connection | Fuentes Angarita Collection | Villasierra Art | Spaceart | CollaboARTive | Special Project: META Miami \/ Carolina Vollmer \/ Resiliencia<\/span><\/p>\t\t\t\t\t\t\t\t<\/div>\n\t\t\t\t<\/div>\n\t\t\t\t<\/div>\n\t\t<div class=\"elementor-element elementor-element-e01f97c e-con-full e-flex e-con e-child\" data-id=\"e01f97c\" data-element_type=\"container\" data-e-type=\"container\">\n\t\t\t\t<div class=\"elementor-element elementor-element-ab9d9b1 elementor-widget elementor-widget-text-editor\" data-id=\"ab9d9b1\" data-element_type=\"widget\" data-e-type=\"widget\" data-widget_type=\"text-editor.default\">\n\t\t\t\t<div class=\"elementor-widget-container\">\n\t\t\t\t\t\t\t\t\t<h3 style=\"font-family: Rafine, sans-serif; color: #1a3a23;\">PATROCINADORES<\/h3>\n<p><\/p>\n<p>City of Doral | Downtown Doral | Trump National Doral | Banesco USA| UHealth Miami&nbsp;<span style=\"color: var( --e-global-color-text ); font-family: var( --e-global-typography-text-font-family ), Sans-serif; font-weight: var( --e-global-typography-text-font-weight ); text-align: var(--text-align);\">|&nbsp;<\/span><span style=\"color: var( --e-global-color-text ); font-family: var( --e-global-typography-text-font-family ), Sans-serif; font-weight: var( --e-global-typography-text-font-weight ); text-align: var(--text-align);\">URBE University | Costex Tractor Parts | La Francia Joyer\u00eda | Medilight Center | Aldana Laser | VPI TV | Profitax | Ticketplate | Millennia Atlantic University | Venezuelan-American Chamber of Commerce of the US | Doral Family Journal | Iacona Law Firm | Doral Chamber of Commerce&nbsp; | Immigration Institute of Florida | Echosonomovil | Greater Miami Convention &amp; Visitors Bureau | Miami Business Technological University | CUC University | Rumba Miami | Recrea USA | Bitania Touch Of Class | Harmony Event Rentals | Haydee Pachano | UNAD Florida | Florida Education Institute| Personal and Professional Development University | Diplom\u00e1tico Ron | Florida Education Institute |&nbsp; Miami 3D Signs | Canaima | Cocuy Saroche | Maytee\u2019s Garden<\/span><\/p>\t\t\t\t\t\t\t\t<\/div>\n\t\t\t\t<\/div>\n\t\t\t\t<\/div>\n\t\t\t\t\t<\/div>\n\t\t\t\t<\/div>\n\t\t\t\t<\/div>\n\t\t","protected":false},"excerpt":{"rendered":"<p>La segunda edici\u00f3n de la Doral International Art Fair se efectu\u00f3 del 7 al 10 de noviembre, ampliando su duraci\u00f3n a 4 d\u00edas, en los que m\u00e1s de 4000 personas recorrieron nuestros espacios para deleitarse con la propuesta de m\u00e1s de 20 galer\u00edas, colecciones privadas y proyectos especiales, superando as\u00ed las expectativas del a\u00f1o anterior. [&hellip;]<\/p>\n","protected":false},"author":2,"featured_media":0,"parent":0,"menu_order":0,"comment_status":"closed","ping_status":"closed","template":"","meta":{"footnotes":""},"class_list":["post-1835","page","type-page","status-publish","hentry"],"_links":{"self":[{"href":"https:\/\/artdoral.com\/es\/wp-json\/wp\/v2\/pages\/1835","targetHints":{"allow":["GET"]}}],"collection":[{"href":"https:\/\/artdoral.com\/es\/wp-json\/wp\/v2\/pages"}],"about":[{"href":"https:\/\/artdoral.com\/es\/wp-json\/wp\/v2\/types\/page"}],"author":[{"embeddable":true,"href":"https:\/\/artdoral.com\/es\/wp-json\/wp\/v2\/users\/2"}],"replies":[{"embeddable":true,"href":"https:\/\/artdoral.com\/es\/wp-json\/wp\/v2\/comments?post=1835"}],"version-history":[{"count":3,"href":"https:\/\/artdoral.com\/es\/wp-json\/wp\/v2\/pages\/1835\/revisions"}],"predecessor-version":[{"id":1875,"href":"https:\/\/artdoral.com\/es\/wp-json\/wp\/v2\/pages\/1835\/revisions\/1875"}],"wp:attachment":[{"href":"https:\/\/artdoral.com\/es\/wp-json\/wp\/v2\/media?parent=1835"}],"curies":[{"name":"wp","href":"https:\/\/api.w.org\/{rel}","templated":true}]}}