{"id":1783,"date":"2025-03-06T12:16:45","date_gmt":"2025-03-06T12:16:45","guid":{"rendered":"https:\/\/artdoral.com\/es\/?page_id=1783"},"modified":"2025-03-06T12:17:16","modified_gmt":"2025-03-06T12:17:16","slug":"edicion-2023","status":"publish","type":"page","link":"https:\/\/artdoral.com\/es\/edicion-2023\/","title":{"rendered":"Edici\u00f3n 2023"},"content":{"rendered":"\t\t<div data-elementor-type=\"wp-page\" data-elementor-id=\"1783\" class=\"elementor elementor-1783\" data-elementor-post-type=\"page\">\n\t\t\t\t<div class=\"elementor-element elementor-element-2bbfb7e8 e-flex e-con-boxed e-con e-parent\" data-id=\"2bbfb7e8\" data-element_type=\"container\" data-e-type=\"container\">\n\t\t\t\t\t<div class=\"e-con-inner\">\n\t\t\t\t<div class=\"elementor-element elementor-element-3372613c elementor-widget elementor-widget-text-editor\" data-id=\"3372613c\" data-element_type=\"widget\" data-e-type=\"widget\" data-widget_type=\"text-editor.default\">\n\t\t\t\t<div class=\"elementor-widget-container\">\n\t\t\t\t\t\t\t\t\t<p>La primera edici\u00f3n de la DIAF se celebr\u00f3 del 3 al 5 noviembre y sirvi\u00f3 de antesala a las ferias m\u00e1s importantes de la ciudad de Doral.<\/p><p>\u00a0<\/p><p>Recibimos la visita de m\u00e1s de 3000 personas, quienes durante 3 d\u00edas disfrutaron de las obras de 20 galer\u00edas, 2 colecciones privadas y un proyecto especial enfocados en el arte contempor\u00e1neo, el arte sonoro y el videoarte.<\/p>\t\t\t\t\t\t\t\t<\/div>\n\t\t\t\t<\/div>\n\t\t\t\t\t<\/div>\n\t\t\t\t<\/div>\n\t\t<div class=\"elementor-element elementor-element-faef11b e-flex e-con-boxed e-con e-parent\" data-id=\"faef11b\" data-element_type=\"container\" data-e-type=\"container\">\n\t\t\t\t\t<div class=\"e-con-inner\">\n\t\t\t\t<div class=\"elementor-element elementor-element-40007db elementor-arrows-position-inside elementor-pagination-position-outside elementor-widget elementor-widget-image-carousel\" data-id=\"40007db\" data-element_type=\"widget\" data-e-type=\"widget\" data-settings=\"{&quot;navigation&quot;:&quot;both&quot;,&quot;autoplay&quot;:&quot;yes&quot;,&quot;pause_on_hover&quot;:&quot;yes&quot;,&quot;pause_on_interaction&quot;:&quot;yes&quot;,&quot;autoplay_speed&quot;:5000,&quot;infinite&quot;:&quot;yes&quot;,&quot;speed&quot;:500}\" data-widget_type=\"image-carousel.default\">\n\t\t\t\t<div class=\"elementor-widget-container\">\n\t\t\t\t\t\t\t<div class=\"elementor-image-carousel-wrapper swiper\" role=\"region\" aria-roledescription=\"carousel\" aria-label=\"Carrusel de Im\u00e1genes\" dir=\"ltr\">\n\t\t\t<div class=\"elementor-image-carousel swiper-wrapper swiper-image-stretch\" aria-live=\"off\">\n\t\t\t\t\t\t\t\t<div class=\"swiper-slide\" role=\"group\" aria-roledescription=\"slide\" aria-label=\"1 de 39\"><figure class=\"swiper-slide-inner\"><img decoding=\"async\" class=\"swiper-slide-image\" src=\"https:\/\/artdoral.com\/es\/wp-content\/uploads\/sites\/2\/2025\/03\/diaf-2023-11.jpg\" alt=\"diaf-2023-11\" \/><\/figure><\/div><div class=\"swiper-slide\" role=\"group\" aria-roledescription=\"slide\" aria-label=\"2 de 39\"><figure class=\"swiper-slide-inner\"><img decoding=\"async\" class=\"swiper-slide-image\" src=\"https:\/\/artdoral.com\/es\/wp-content\/uploads\/sites\/2\/2025\/03\/diaf-2023-13.jpg\" alt=\"diaf-2023-13\" \/><\/figure><\/div><div class=\"swiper-slide\" role=\"group\" aria-roledescription=\"slide\" aria-label=\"3 de 39\"><figure class=\"swiper-slide-inner\"><img decoding=\"async\" class=\"swiper-slide-image\" src=\"https:\/\/artdoral.com\/es\/wp-content\/uploads\/sites\/2\/2025\/03\/diaf-2023-12.jpg\" alt=\"diaf-2023-12\" \/><\/figure><\/div><div class=\"swiper-slide\" role=\"group\" aria-roledescription=\"slide\" aria-label=\"4 de 39\"><figure class=\"swiper-slide-inner\"><img decoding=\"async\" class=\"swiper-slide-image\" src=\"https:\/\/artdoral.com\/es\/wp-content\/uploads\/sites\/2\/2025\/03\/diaf-2023-14.jpg\" alt=\"diaf-2023-14\" \/><\/figure><\/div><div class=\"swiper-slide\" role=\"group\" aria-roledescription=\"slide\" aria-label=\"5 de 39\"><figure class=\"swiper-slide-inner\"><img decoding=\"async\" class=\"swiper-slide-image\" src=\"https:\/\/artdoral.com\/es\/wp-content\/uploads\/sites\/2\/2025\/03\/diaf-2023-17.jpg\" alt=\"diaf-2023-17\" \/><\/figure><\/div><div class=\"swiper-slide\" role=\"group\" aria-roledescription=\"slide\" aria-label=\"6 de 39\"><figure class=\"swiper-slide-inner\"><img decoding=\"async\" class=\"swiper-slide-image\" src=\"https:\/\/artdoral.com\/es\/wp-content\/uploads\/sites\/2\/2025\/03\/diaf-2023-22.jpg\" alt=\"diaf-2023-22\" \/><\/figure><\/div><div class=\"swiper-slide\" role=\"group\" aria-roledescription=\"slide\" aria-label=\"7 de 39\"><figure class=\"swiper-slide-inner\"><img decoding=\"async\" class=\"swiper-slide-image\" src=\"https:\/\/artdoral.com\/es\/wp-content\/uploads\/sites\/2\/2025\/03\/diaf-2023-26.jpg\" alt=\"diaf-2023-26\" \/><\/figure><\/div><div class=\"swiper-slide\" role=\"group\" aria-roledescription=\"slide\" aria-label=\"8 de 39\"><figure class=\"swiper-slide-inner\"><img decoding=\"async\" class=\"swiper-slide-image\" src=\"https:\/\/artdoral.com\/es\/wp-content\/uploads\/sites\/2\/2025\/03\/diaf-2023-29.jpg\" alt=\"diaf-2023-29\" \/><\/figure><\/div><div class=\"swiper-slide\" role=\"group\" aria-roledescription=\"slide\" aria-label=\"9 de 39\"><figure class=\"swiper-slide-inner\"><img decoding=\"async\" class=\"swiper-slide-image\" src=\"https:\/\/artdoral.com\/es\/wp-content\/uploads\/sites\/2\/2025\/03\/diaf-2023-24.jpg\" alt=\"diaf-2023-24\" \/><\/figure><\/div><div class=\"swiper-slide\" role=\"group\" aria-roledescription=\"slide\" aria-label=\"10 de 39\"><figure class=\"swiper-slide-inner\"><img decoding=\"async\" class=\"swiper-slide-image\" src=\"https:\/\/artdoral.com\/es\/wp-content\/uploads\/sites\/2\/2025\/03\/diaf-2023-31.jpg\" alt=\"diaf-2023-31\" \/><\/figure><\/div><div class=\"swiper-slide\" role=\"group\" aria-roledescription=\"slide\" aria-label=\"11 de 39\"><figure class=\"swiper-slide-inner\"><img decoding=\"async\" class=\"swiper-slide-image\" src=\"https:\/\/artdoral.com\/es\/wp-content\/uploads\/sites\/2\/2025\/03\/diaf-2023-23.jpg\" alt=\"diaf-2023-23\" \/><\/figure><\/div><div class=\"swiper-slide\" role=\"group\" aria-roledescription=\"slide\" aria-label=\"12 de 39\"><figure class=\"swiper-slide-inner\"><img decoding=\"async\" class=\"swiper-slide-image\" src=\"https:\/\/artdoral.com\/es\/wp-content\/uploads\/sites\/2\/2025\/03\/diaf-2023-20.jpg\" alt=\"diaf-2023-20\" \/><\/figure><\/div><div class=\"swiper-slide\" role=\"group\" aria-roledescription=\"slide\" aria-label=\"13 de 39\"><figure class=\"swiper-slide-inner\"><img decoding=\"async\" class=\"swiper-slide-image\" src=\"https:\/\/artdoral.com\/es\/wp-content\/uploads\/sites\/2\/2025\/03\/diaf-2023-19.jpg\" alt=\"diaf-2023-19\" \/><\/figure><\/div><div class=\"swiper-slide\" role=\"group\" aria-roledescription=\"slide\" aria-label=\"14 de 39\"><figure class=\"swiper-slide-inner\"><img decoding=\"async\" class=\"swiper-slide-image\" src=\"https:\/\/artdoral.com\/es\/wp-content\/uploads\/sites\/2\/2025\/03\/diaf-2023-21.jpg\" alt=\"diaf-2023-21\" \/><\/figure><\/div><div class=\"swiper-slide\" role=\"group\" aria-roledescription=\"slide\" aria-label=\"15 de 39\"><figure class=\"swiper-slide-inner\"><img decoding=\"async\" class=\"swiper-slide-image\" src=\"https:\/\/artdoral.com\/es\/wp-content\/uploads\/sites\/2\/2025\/03\/diaf-2023-32.jpg\" alt=\"diaf-2023-32\" \/><\/figure><\/div><div class=\"swiper-slide\" role=\"group\" aria-roledescription=\"slide\" aria-label=\"16 de 39\"><figure class=\"swiper-slide-inner\"><img decoding=\"async\" class=\"swiper-slide-image\" src=\"https:\/\/artdoral.com\/es\/wp-content\/uploads\/sites\/2\/2025\/03\/diaf-2023-35.jpg\" alt=\"diaf-2023-35\" \/><\/figure><\/div><div class=\"swiper-slide\" role=\"group\" aria-roledescription=\"slide\" aria-label=\"17 de 39\"><figure class=\"swiper-slide-inner\"><img decoding=\"async\" class=\"swiper-slide-image\" src=\"https:\/\/artdoral.com\/es\/wp-content\/uploads\/sites\/2\/2025\/03\/diaf-2023-36.jpg\" alt=\"diaf-2023-36\" \/><\/figure><\/div><div class=\"swiper-slide\" role=\"group\" aria-roledescription=\"slide\" aria-label=\"18 de 39\"><figure class=\"swiper-slide-inner\"><img decoding=\"async\" class=\"swiper-slide-image\" src=\"https:\/\/artdoral.com\/es\/wp-content\/uploads\/sites\/2\/2025\/03\/diaf-2023-15.jpg\" alt=\"diaf-2023-15\" \/><\/figure><\/div><div class=\"swiper-slide\" role=\"group\" aria-roledescription=\"slide\" aria-label=\"19 de 39\"><figure class=\"swiper-slide-inner\"><img decoding=\"async\" class=\"swiper-slide-image\" src=\"https:\/\/artdoral.com\/es\/wp-content\/uploads\/sites\/2\/2025\/03\/diaf-2023-37.jpg\" alt=\"diaf-2023-37\" \/><\/figure><\/div><div class=\"swiper-slide\" role=\"group\" aria-roledescription=\"slide\" aria-label=\"20 de 39\"><figure class=\"swiper-slide-inner\"><img decoding=\"async\" class=\"swiper-slide-image\" src=\"https:\/\/artdoral.com\/es\/wp-content\/uploads\/sites\/2\/2025\/03\/diaf-2023-34.jpg\" alt=\"diaf-2023-34\" \/><\/figure><\/div><div class=\"swiper-slide\" role=\"group\" aria-roledescription=\"slide\" aria-label=\"21 de 39\"><figure class=\"swiper-slide-inner\"><img decoding=\"async\" class=\"swiper-slide-image\" src=\"https:\/\/artdoral.com\/es\/wp-content\/uploads\/sites\/2\/2025\/03\/diaf-2023-38.jpg\" alt=\"diaf-2023-38\" \/><\/figure><\/div><div class=\"swiper-slide\" role=\"group\" aria-roledescription=\"slide\" aria-label=\"22 de 39\"><figure class=\"swiper-slide-inner\"><img decoding=\"async\" class=\"swiper-slide-image\" src=\"https:\/\/artdoral.com\/es\/wp-content\/uploads\/sites\/2\/2025\/03\/diaf-2023-33.jpg\" alt=\"diaf-2023-33\" \/><\/figure><\/div><div class=\"swiper-slide\" role=\"group\" aria-roledescription=\"slide\" aria-label=\"23 de 39\"><figure class=\"swiper-slide-inner\"><img decoding=\"async\" class=\"swiper-slide-image\" src=\"https:\/\/artdoral.com\/es\/wp-content\/uploads\/sites\/2\/2025\/03\/diaf-2023-18.jpg\" alt=\"diaf-2023-18\" \/><\/figure><\/div><div class=\"swiper-slide\" role=\"group\" aria-roledescription=\"slide\" aria-label=\"24 de 39\"><figure class=\"swiper-slide-inner\"><img decoding=\"async\" class=\"swiper-slide-image\" src=\"https:\/\/artdoral.com\/es\/wp-content\/uploads\/sites\/2\/2025\/03\/diaf-2023-27.jpg\" alt=\"diaf-2023-27\" \/><\/figure><\/div><div class=\"swiper-slide\" role=\"group\" aria-roledescription=\"slide\" aria-label=\"25 de 39\"><figure class=\"swiper-slide-inner\"><img decoding=\"async\" class=\"swiper-slide-image\" src=\"https:\/\/artdoral.com\/es\/wp-content\/uploads\/sites\/2\/2025\/03\/diaf-2023-39.jpg\" alt=\"diaf-2023-39\" \/><\/figure><\/div><div class=\"swiper-slide\" role=\"group\" aria-roledescription=\"slide\" aria-label=\"26 de 39\"><figure class=\"swiper-slide-inner\"><img decoding=\"async\" class=\"swiper-slide-image\" src=\"https:\/\/artdoral.com\/es\/wp-content\/uploads\/sites\/2\/2025\/03\/diaf-2023-16.jpg\" alt=\"diaf-2023-16\" \/><\/figure><\/div><div class=\"swiper-slide\" role=\"group\" aria-roledescription=\"slide\" aria-label=\"27 de 39\"><figure class=\"swiper-slide-inner\"><img decoding=\"async\" class=\"swiper-slide-image\" src=\"https:\/\/artdoral.com\/es\/wp-content\/uploads\/sites\/2\/2025\/03\/diaf-2023-25.jpg\" alt=\"diaf-2023-25\" \/><\/figure><\/div><div class=\"swiper-slide\" role=\"group\" aria-roledescription=\"slide\" aria-label=\"28 de 39\"><figure class=\"swiper-slide-inner\"><img decoding=\"async\" class=\"swiper-slide-image\" src=\"https:\/\/artdoral.com\/es\/wp-content\/uploads\/sites\/2\/2025\/03\/diaf-2023-28.jpg\" alt=\"diaf-2023-28\" \/><\/figure><\/div><div class=\"swiper-slide\" role=\"group\" aria-roledescription=\"slide\" aria-label=\"29 de 39\"><figure class=\"swiper-slide-inner\"><img decoding=\"async\" class=\"swiper-slide-image\" src=\"https:\/\/artdoral.com\/es\/wp-content\/uploads\/sites\/2\/2025\/03\/diaf-2023-30.jpg\" alt=\"diaf-2023-30\" \/><\/figure><\/div><div class=\"swiper-slide\" role=\"group\" aria-roledescription=\"slide\" aria-label=\"30 de 39\"><figure class=\"swiper-slide-inner\"><img decoding=\"async\" class=\"swiper-slide-image\" src=\"https:\/\/artdoral.com\/es\/wp-content\/uploads\/sites\/2\/2025\/03\/diaf-2023-8.jpg\" alt=\"diaf-2023-8\" \/><\/figure><\/div><div class=\"swiper-slide\" role=\"group\" aria-roledescription=\"slide\" aria-label=\"31 de 39\"><figure class=\"swiper-slide-inner\"><img decoding=\"async\" class=\"swiper-slide-image\" src=\"https:\/\/artdoral.com\/es\/wp-content\/uploads\/sites\/2\/2025\/03\/diaf-2023-4.jpg\" alt=\"diaf-2023-4\" \/><\/figure><\/div><div class=\"swiper-slide\" role=\"group\" aria-roledescription=\"slide\" aria-label=\"32 de 39\"><figure class=\"swiper-slide-inner\"><img decoding=\"async\" class=\"swiper-slide-image\" src=\"https:\/\/artdoral.com\/es\/wp-content\/uploads\/sites\/2\/2025\/03\/diaf-2023-5.jpg\" alt=\"diaf-2023-5\" \/><\/figure><\/div><div class=\"swiper-slide\" role=\"group\" aria-roledescription=\"slide\" aria-label=\"33 de 39\"><figure class=\"swiper-slide-inner\"><img decoding=\"async\" class=\"swiper-slide-image\" src=\"https:\/\/artdoral.com\/es\/wp-content\/uploads\/sites\/2\/2025\/03\/diaf-2023-1.jpg\" alt=\"diaf-2023-1\" \/><\/figure><\/div><div class=\"swiper-slide\" role=\"group\" aria-roledescription=\"slide\" aria-label=\"34 de 39\"><figure class=\"swiper-slide-inner\"><img decoding=\"async\" class=\"swiper-slide-image\" src=\"https:\/\/artdoral.com\/es\/wp-content\/uploads\/sites\/2\/2025\/03\/diaf-2023-6.jpg\" alt=\"diaf-2023-6\" \/><\/figure><\/div><div class=\"swiper-slide\" role=\"group\" aria-roledescription=\"slide\" aria-label=\"35 de 39\"><figure class=\"swiper-slide-inner\"><img decoding=\"async\" class=\"swiper-slide-image\" src=\"https:\/\/artdoral.com\/es\/wp-content\/uploads\/sites\/2\/2025\/03\/diaf-2023-7.jpg\" alt=\"diaf-2023-7\" \/><\/figure><\/div><div class=\"swiper-slide\" role=\"group\" aria-roledescription=\"slide\" aria-label=\"36 de 39\"><figure class=\"swiper-slide-inner\"><img decoding=\"async\" class=\"swiper-slide-image\" src=\"https:\/\/artdoral.com\/es\/wp-content\/uploads\/sites\/2\/2025\/03\/diaf-2023-10.jpg\" alt=\"diaf-2023-10\" \/><\/figure><\/div><div class=\"swiper-slide\" role=\"group\" aria-roledescription=\"slide\" aria-label=\"37 de 39\"><figure class=\"swiper-slide-inner\"><img decoding=\"async\" class=\"swiper-slide-image\" src=\"https:\/\/artdoral.com\/es\/wp-content\/uploads\/sites\/2\/2025\/03\/diaf-2023-9.jpg\" alt=\"diaf-2023-9\" \/><\/figure><\/div><div class=\"swiper-slide\" role=\"group\" aria-roledescription=\"slide\" aria-label=\"38 de 39\"><figure class=\"swiper-slide-inner\"><img decoding=\"async\" class=\"swiper-slide-image\" src=\"https:\/\/artdoral.com\/es\/wp-content\/uploads\/sites\/2\/2025\/03\/diaf-2023-2.jpg\" alt=\"diaf-2023-2\" \/><\/figure><\/div><div class=\"swiper-slide\" role=\"group\" aria-roledescription=\"slide\" aria-label=\"39 de 39\"><figure class=\"swiper-slide-inner\"><img decoding=\"async\" class=\"swiper-slide-image\" src=\"https:\/\/artdoral.com\/es\/wp-content\/uploads\/sites\/2\/2025\/03\/diaf-2023-3.jpg\" alt=\"diaf-2023-3\" \/><\/figure><\/div>\t\t\t<\/div>\n\t\t\t\t\t\t\t\t\t\t\t\t<div class=\"elementor-swiper-button elementor-swiper-button-prev\" role=\"button\" tabindex=\"0\">\n\t\t\t\t\t\t<i aria-hidden=\"true\" class=\"eicon-chevron-left\"><\/i>\t\t\t\t\t<\/div>\n\t\t\t\t\t<div class=\"elementor-swiper-button elementor-swiper-button-next\" role=\"button\" tabindex=\"0\">\n\t\t\t\t\t\t<i aria-hidden=\"true\" class=\"eicon-chevron-right\"><\/i>\t\t\t\t\t<\/div>\n\t\t\t\t\n\t\t\t\t\t\t\t\t\t<div class=\"swiper-pagination\"><\/div>\n\t\t\t\t\t\t\t\t\t<\/div>\n\t\t\t\t\t\t<\/div>\n\t\t\t\t<\/div>\n\t\t\t\t\t<\/div>\n\t\t\t\t<\/div>\n\t\t<div class=\"elementor-element elementor-element-1862c4b e-grid e-con-boxed e-con e-parent\" data-id=\"1862c4b\" data-element_type=\"container\" data-e-type=\"container\">\n\t\t\t\t\t<div class=\"e-con-inner\">\n\t\t\t\t<div class=\"elementor-element elementor-element-5c26573 elementor-widget elementor-widget-text-editor\" data-id=\"5c26573\" data-element_type=\"widget\" data-e-type=\"widget\" data-widget_type=\"text-editor.default\">\n\t\t\t\t<div class=\"elementor-widget-container\">\n\t\t\t\t\t\t\t\t\t<h3 style=\"font-family: Rafine, sans-serif; color: #1a3a23;\">GALER\u00cdAS<\/h3><div>\u00a0<\/div><p>\u00a0<\/p><p><span style=\"color: var( --e-global-color-text ); font-family: var( --e-global-typography-text-font-family ), Sans-serif; font-weight: var( --e-global-typography-text-font-weight ); text-align: var(--text-align);\">Artmedia Gallery | Artifice at Doral Gallery | Adriana Meneses Art | Blackship Gallery | Identity Acurancy Movement | META Miami | Art Edition International Gallery | Nones + Art | Elizabeth Castillo Design | Tomas Redrado Art | Cinearte | MIFA Gallery | Logistics Fine Arts | FAMA &#8211; Fiber Artist \u2010 Miami Association | Arts Connection | Artis Fine Arts Gallery | Hartvest Project | DIAF | The Rosales Family \/ Interbrokers Art Collection | Fuentes Angarita Collection | Proyecto Especial Explorando las Ra\u00edces y Evoluci\u00f3n del Arte Sonoro del Futurismo al Siglo 21<\/span><\/p>\t\t\t\t\t\t\t\t<\/div>\n\t\t\t\t<\/div>\n\t\t\t\t<div class=\"elementor-element elementor-element-1a3948b elementor-widget elementor-widget-text-editor\" data-id=\"1a3948b\" data-element_type=\"widget\" data-e-type=\"widget\" data-widget_type=\"text-editor.default\">\n\t\t\t\t<div class=\"elementor-widget-container\">\n\t\t\t\t\t\t\t\t\t<h3 style=\"font-family: Rafine, sans-serif; color: #1a3a23;\">PATROCINADORES<\/h3><div>\u00a0<\/div><p>\u00a0<\/p><p>City of Doral | Venezuelan-American Chamber of Commerce of the United States | Trump National Doral Miami | Bocas House | Bocas Grill | Doral Steak House | Francisca | UNAD Florida | URBE University | Millennia Atlantic University | Benme Legal | Rudy Export EdSapience| Serenergy | La Francia Joyer\u00eda | Medilight Center | Aldana L\u00e1ser | Space Art | Profitax Inc. | Doral Volkswagen VIP | Ticketplate | Downtown Doral | Maytee\u2019s Garden Center | Martha Brice\u00f1o Realtor | Miami DC Signs<\/p>\t\t\t\t\t\t\t\t<\/div>\n\t\t\t\t<\/div>\n\t\t\t\t\t<\/div>\n\t\t\t\t<\/div>\n\t\t\t\t<\/div>\n\t\t","protected":false},"excerpt":{"rendered":"<p>La primera edici\u00f3n de la DIAF se celebr\u00f3 del 3 al 5 noviembre y sirvi\u00f3 de antesala a las ferias m\u00e1s importantes de la ciudad de Doral. \u00a0 Recibimos la visita de m\u00e1s de 3000 personas, quienes durante 3 d\u00edas disfrutaron de las obras de 20 galer\u00edas, 2 colecciones privadas y un proyecto especial enfocados [&hellip;]<\/p>\n","protected":false},"author":2,"featured_media":0,"parent":0,"menu_order":0,"comment_status":"closed","ping_status":"closed","template":"","meta":{"footnotes":""},"class_list":["post-1783","page","type-page","status-publish","hentry"],"_links":{"self":[{"href":"https:\/\/artdoral.com\/es\/wp-json\/wp\/v2\/pages\/1783","targetHints":{"allow":["GET"]}}],"collection":[{"href":"https:\/\/artdoral.com\/es\/wp-json\/wp\/v2\/pages"}],"about":[{"href":"https:\/\/artdoral.com\/es\/wp-json\/wp\/v2\/types\/page"}],"author":[{"embeddable":true,"href":"https:\/\/artdoral.com\/es\/wp-json\/wp\/v2\/users\/2"}],"replies":[{"embeddable":true,"href":"https:\/\/artdoral.com\/es\/wp-json\/wp\/v2\/comments?post=1783"}],"version-history":[{"count":3,"href":"https:\/\/artdoral.com\/es\/wp-json\/wp\/v2\/pages\/1783\/revisions"}],"predecessor-version":[{"id":1825,"href":"https:\/\/artdoral.com\/es\/wp-json\/wp\/v2\/pages\/1783\/revisions\/1825"}],"wp:attachment":[{"href":"https:\/\/artdoral.com\/es\/wp-json\/wp\/v2\/media?parent=1783"}],"curies":[{"name":"wp","href":"https:\/\/api.w.org\/{rel}","templated":true}]}}